{"id":365276,"date":"2026-03-08T02:14:50","date_gmt":"2026-03-08T01:14:50","guid":{"rendered":"https:\/\/grupotextil.es\/producto\/sudadera-con-capucha-y-cremallera-heavy\/"},"modified":"2026-03-08T02:14:50","modified_gmt":"2026-03-08T01:14:50","slug":"sudadera-con-capucha-y-cremallera-heavy","status":"publish","type":"product","link":"https:\/\/grupotextil.es\/ca\/product\/sudadera-con-capucha-y-cremallera-heavy\/","title":{"rendered":"Hoodie y Zip Heavy"},"content":{"rendered":"<ul>\n<li>300 g\/m\u00b2<\/li>\n<li>65% algod\u00f3n, 35% poli\u00e9ster<\/li>\n<li>Interior de tejido de felpa cepillada<\/li>\n<li>Etiqueta de tama\u00f1o neutral sin marca<\/li>\n<li>Huella de cuello posible<\/li>\n<li>Bolsillo tipo canguro con aberturas de bolsillo hechas de concha<\/li>\n<li>mangas montadas<\/li>\n<li>Pu\u00f1os de canal\u00e9 en el dobladillo y la abertura de las mangas.<\/li>\n<li>cuello en media luna<\/li>\n<li>capucha con dos costuras<\/li>\n<li>cinta de cuello de espiga<\/li>\n<li>Forro del cap\u00f3 fuera de la carcasa<\/li>\n<\/ul>","protected":false},"excerpt":{"rendered":"<p>300 g\/m\u00b265% algod\u00f3n, 35% poli\u00e9sterInterior de tejido de felpa cepilladaEtiqueta de tama\u00f1o neutral sin marcaHuella de cuello posibleBolsillo tipo canguro con aberturas de bolsillo hechas de conchama&#8230;<\/p>","protected":false},"featured_media":411637,"comment_status":"open","ping_status":"closed","template":"","meta":{"_acf_changed":false},"product_brand":[11675],"product_cat":[13974,13975,13973,13989,13980],"product_tag":[],"class_list":{"0":"post-365276","1":"product","2":"type-product","3":"status-publish","4":"has-post-thumbnail","6":"product_brand-build-your-brand","7":"product_cat-ropa-hombre","8":"product_cat-ropa-mujer","9":"product_cat-ropa","10":"product_cat-m-sudaderas","11":"product_cat-h-sudaderas","12":"tm-no-options","14":"first","15":"instock","16":"taxable","17":"shipping-taxable","18":"product-type-variable"},"acf":[],"_links":{"self":[{"href":"https:\/\/grupotextil.es\/ca\/wp-json\/wp\/v2\/product\/365276","targetHints":{"allow":["GET"]}}],"collection":[{"href":"https:\/\/grupotextil.es\/ca\/wp-json\/wp\/v2\/product"}],"about":[{"href":"https:\/\/grupotextil.es\/ca\/wp-json\/wp\/v2\/types\/product"}],"replies":[{"embeddable":true,"href":"https:\/\/grupotextil.es\/ca\/wp-json\/wp\/v2\/comments?post=365276"}],"wp:featuredmedia":[{"embeddable":true,"href":"https:\/\/grupotextil.es\/ca\/wp-json\/wp\/v2\/media\/411637"}],"wp:attachment":[{"href":"https:\/\/grupotextil.es\/ca\/wp-json\/wp\/v2\/media?parent=365276"}],"wp:term":[{"taxonomy":"product_brand","embeddable":true,"href":"https:\/\/grupotextil.es\/ca\/wp-json\/wp\/v2\/product_brand?post=365276"},{"taxonomy":"product_cat","embeddable":true,"href":"https:\/\/grupotextil.es\/ca\/wp-json\/wp\/v2\/product_cat?post=365276"},{"taxonomy":"product_tag","embeddable":true,"href":"https:\/\/grupotextil.es\/ca\/wp-json\/wp\/v2\/product_tag?post=365276"}],"curies":[{"name":"wp","href":"https:\/\/api.w.org\/{rel}","templated":true}]}}