{"id":365313,"date":"2026-03-08T02:14:51","date_gmt":"2026-03-08T01:14:51","guid":{"rendered":"https:\/\/grupotextil.es\/producto\/sudadera-con-capucha-de-dos-tonos-hombre\/"},"modified":"2026-03-08T02:14:51","modified_gmt":"2026-03-08T01:14:51","slug":"sudadera-con-capucha-de-dos-tonos-hombre","status":"publish","type":"product","link":"https:\/\/grupotextil.es\/ca\/product\/sudadera-con-capucha-de-dos-tonos-hombre\/","title":{"rendered":"Sudadera con capucha de dos tonos hombre"},"content":{"rendered":"<ul>\n<li>310-320 g\/m\u00b2<\/li>\n<li>70% algod\u00f3n, 30% poli\u00e9ster<\/li>\n<li>Algod\u00f3n egipcio de fibra larga<\/li>\n<li>Interior perchado<\/li>\n<li>Elastano en todos los ribetes<\/li>\n<li>Amplio bolsillo frontal<\/li>\n<li>Doble puntada<\/li>\n<\/ul>","protected":false},"excerpt":{"rendered":"<p>310-320 g\/m\u00b270% algod\u00f3n, 30% poli\u00e9sterAlgod\u00f3n egipcio de fibra largaInterior perchadoElastano en todos los ribetesAmplio bolsillo frontalDoble puntada<\/p>","protected":false},"featured_media":411656,"comment_status":"open","ping_status":"closed","template":"","meta":{"_acf_changed":false},"product_brand":[11671],"product_cat":[13974,13975,13973,13989,13980],"product_tag":[],"class_list":{"0":"post-365313","1":"product","2":"type-product","3":"status-publish","4":"has-post-thumbnail","6":"product_brand-tee-jays","7":"product_cat-ropa-hombre","8":"product_cat-ropa-mujer","9":"product_cat-ropa","10":"product_cat-m-sudaderas","11":"product_cat-h-sudaderas","12":"tm-no-options","14":"first","15":"instock","16":"taxable","17":"shipping-taxable","18":"product-type-variable"},"acf":[],"_links":{"self":[{"href":"https:\/\/grupotextil.es\/ca\/wp-json\/wp\/v2\/product\/365313","targetHints":{"allow":["GET"]}}],"collection":[{"href":"https:\/\/grupotextil.es\/ca\/wp-json\/wp\/v2\/product"}],"about":[{"href":"https:\/\/grupotextil.es\/ca\/wp-json\/wp\/v2\/types\/product"}],"replies":[{"embeddable":true,"href":"https:\/\/grupotextil.es\/ca\/wp-json\/wp\/v2\/comments?post=365313"}],"wp:featuredmedia":[{"embeddable":true,"href":"https:\/\/grupotextil.es\/ca\/wp-json\/wp\/v2\/media\/411656"}],"wp:attachment":[{"href":"https:\/\/grupotextil.es\/ca\/wp-json\/wp\/v2\/media?parent=365313"}],"wp:term":[{"taxonomy":"product_brand","embeddable":true,"href":"https:\/\/grupotextil.es\/ca\/wp-json\/wp\/v2\/product_brand?post=365313"},{"taxonomy":"product_cat","embeddable":true,"href":"https:\/\/grupotextil.es\/ca\/wp-json\/wp\/v2\/product_cat?post=365313"},{"taxonomy":"product_tag","embeddable":true,"href":"https:\/\/grupotextil.es\/ca\/wp-json\/wp\/v2\/product_tag?post=365313"}],"curies":[{"name":"wp","href":"https:\/\/api.w.org\/{rel}","templated":true}]}}