{"id":365882,"date":"2026-03-08T02:18:15","date_gmt":"2026-03-08T01:18:15","guid":{"rendered":"https:\/\/grupotextil.es\/producto\/sudadera-regular-fit-con-cremallera\/"},"modified":"2026-03-08T02:18:15","modified_gmt":"2026-03-08T01:18:15","slug":"sudadera-regular-fit-con-cremallera","status":"publish","type":"product","link":"https:\/\/grupotextil.es\/ca\/product\/sudadera-regular-fit-con-cremallera\/","title":{"rendered":"Sweatshirt Regular Fit con cremallera"},"content":{"rendered":"<ul>\n<li>280 g\/m\u00b2<\/li>\n<li>80% algod\u00f3n, 20% poli\u00e9ster<\/li>\n<li>Cuello cadete de doble capa<\/li>\n<li>Cuello y hombros encintados del mismo color<\/li>\n<li>Doble costura en hombros y sisa<\/li>\n<li>Cremallera met\u00e1lica entera con tirador<\/li>\n<li>Doble costura en bolsillos laterales<\/li>\n<li>Doble capa del mismo tejido en pu\u00f1o y ribete y con puntadas de doble aguja<\/li>\n<li>Etiqueta extra\u00edble<\/li>\n<\/ul>","protected":false},"excerpt":{"rendered":"<p>280 g\/m\u00b280% algod\u00f3n, 20% poli\u00e9sterCuello cadete de doble capaCuello y hombros encintados del mismo colorDoble costura en hombros y sisaCremallera met\u00e1lica entera con tiradorDoble costura en bolsillos<\/p>","protected":false},"featured_media":411860,"comment_status":"open","ping_status":"closed","template":"","meta":{"_acf_changed":false},"product_brand":[11672],"product_cat":[13974,13975,13973,13989,13980],"product_tag":[],"class_list":{"0":"post-365882","1":"product","2":"type-product","3":"status-publish","4":"has-post-thumbnail","6":"product_brand-kustom-kit","7":"product_cat-ropa-hombre","8":"product_cat-ropa-mujer","9":"product_cat-ropa","10":"product_cat-m-sudaderas","11":"product_cat-h-sudaderas","12":"tm-no-options","14":"first","15":"instock","16":"taxable","17":"shipping-taxable","18":"product-type-variable"},"acf":[],"_links":{"self":[{"href":"https:\/\/grupotextil.es\/ca\/wp-json\/wp\/v2\/product\/365882","targetHints":{"allow":["GET"]}}],"collection":[{"href":"https:\/\/grupotextil.es\/ca\/wp-json\/wp\/v2\/product"}],"about":[{"href":"https:\/\/grupotextil.es\/ca\/wp-json\/wp\/v2\/types\/product"}],"replies":[{"embeddable":true,"href":"https:\/\/grupotextil.es\/ca\/wp-json\/wp\/v2\/comments?post=365882"}],"wp:featuredmedia":[{"embeddable":true,"href":"https:\/\/grupotextil.es\/ca\/wp-json\/wp\/v2\/media\/411860"}],"wp:attachment":[{"href":"https:\/\/grupotextil.es\/ca\/wp-json\/wp\/v2\/media?parent=365882"}],"wp:term":[{"taxonomy":"product_brand","embeddable":true,"href":"https:\/\/grupotextil.es\/ca\/wp-json\/wp\/v2\/product_brand?post=365882"},{"taxonomy":"product_cat","embeddable":true,"href":"https:\/\/grupotextil.es\/ca\/wp-json\/wp\/v2\/product_cat?post=365882"},{"taxonomy":"product_tag","embeddable":true,"href":"https:\/\/grupotextil.es\/ca\/wp-json\/wp\/v2\/product_tag?post=365882"}],"curies":[{"name":"wp","href":"https:\/\/api.w.org\/{rel}","templated":true}]}}