{"id":365933,"date":"2026-03-08T02:18:33","date_gmt":"2026-03-08T01:18:33","guid":{"rendered":"https:\/\/grupotextil.es\/producto\/chaqueta-con-cremallera-y-capucha-influence\/"},"modified":"2026-03-08T02:18:33","modified_gmt":"2026-03-08T01:18:33","slug":"chaqueta-con-cremallera-y-capucha-influence","status":"publish","type":"product","link":"https:\/\/grupotextil.es\/ca\/product\/chaqueta-con-cremallera-y-capucha-influence\/","title":{"rendered":"Jacket con Zip y Capucha Influence"},"content":{"rendered":"<ul>\n<li>350 g\/m\u00b2<\/li>\n<li>80 % algod\u00f3n (invirtiendo en Better Cotton), 20 % poli\u00e9ster (reciclado) &#8211; certificado RCS<\/li>\n<li>Verdadero enfoque de dise\u00f1o neutral en cuanto al g\u00e9nero con costuras laterales.<\/li>\n<li>Tejido duradero de 350 GSM con un tacto resistente y sustancial.<\/li>\n<li>Hombros ca\u00eddos y sensaci\u00f3n de gran tama\u00f1o para un ajuste relajado.<\/li>\n<li>Cuello alto \u00fanico que ofrece protecci\u00f3n adicional.<\/li>\n<li>Capucha de dos piezas forrada de jersey sin cordones para un aspecto urbano y minimalista que enmarca el rostro sin esfuerzo.<\/li>\n<li>Cremallera de metal duradera<\/li>\n<li>Capucha de 2 piezas forrada de jersey sin cordones para un look urbano y minimalista que enmarca el rostro sin esfuerzo.<\/li>\n<li>Cremallera de metal, duradera.<\/li>\n<li>Bolsillos profundos, pensados y fabricados para la comodidad de las manos<\/li>\n<li>Mu\u00f1ecas y banda de la cintura de alta calidad<\/li>\n<li>Sin etiqueta, f\u00e1cil de rebrandear<\/li>\n<\/ul>","protected":false},"excerpt":{"rendered":"<p>350 g\/m\u00b280 % algod\u00f3n (invirtiendo en Better Cotton), 20 % poli\u00e9ster (reciclado) &#8211; certificado RCSVerdadero enfoque de dise\u00f1o neutral en cuanto al g\u00e9nero con costuras laterales.<\/p>","protected":false},"featured_media":411894,"comment_status":"open","ping_status":"closed","template":"","meta":{"_acf_changed":false},"product_brand":[11653],"product_cat":[13974,13975,13973,13980,13989],"product_tag":[],"class_list":{"0":"post-365933","1":"product","2":"type-product","3":"status-publish","4":"has-post-thumbnail","6":"product_brand-b-c","7":"product_cat-ropa-hombre","8":"product_cat-ropa-mujer","9":"product_cat-ropa","10":"product_cat-h-sudaderas","11":"product_cat-m-sudaderas","12":"tm-no-options","14":"first","15":"instock","16":"taxable","17":"shipping-taxable","18":"product-type-variable"},"acf":[],"_links":{"self":[{"href":"https:\/\/grupotextil.es\/ca\/wp-json\/wp\/v2\/product\/365933","targetHints":{"allow":["GET"]}}],"collection":[{"href":"https:\/\/grupotextil.es\/ca\/wp-json\/wp\/v2\/product"}],"about":[{"href":"https:\/\/grupotextil.es\/ca\/wp-json\/wp\/v2\/types\/product"}],"replies":[{"embeddable":true,"href":"https:\/\/grupotextil.es\/ca\/wp-json\/wp\/v2\/comments?post=365933"}],"wp:featuredmedia":[{"embeddable":true,"href":"https:\/\/grupotextil.es\/ca\/wp-json\/wp\/v2\/media\/411894"}],"wp:attachment":[{"href":"https:\/\/grupotextil.es\/ca\/wp-json\/wp\/v2\/media?parent=365933"}],"wp:term":[{"taxonomy":"product_brand","embeddable":true,"href":"https:\/\/grupotextil.es\/ca\/wp-json\/wp\/v2\/product_brand?post=365933"},{"taxonomy":"product_cat","embeddable":true,"href":"https:\/\/grupotextil.es\/ca\/wp-json\/wp\/v2\/product_cat?post=365933"},{"taxonomy":"product_tag","embeddable":true,"href":"https:\/\/grupotextil.es\/ca\/wp-json\/wp\/v2\/product_tag?post=365933"}],"curies":[{"name":"wp","href":"https:\/\/api.w.org\/{rel}","templated":true}]}}