{"id":366009,"date":"2026-03-08T02:18:56","date_gmt":"2026-03-08T01:18:56","guid":{"rendered":"https:\/\/grupotextil.es\/producto\/sudadera-pure-organic-reversible\/"},"modified":"2026-03-08T02:18:56","modified_gmt":"2026-03-08T01:18:56","slug":"sudadera-pure-organic-reversible","status":"publish","type":"product","link":"https:\/\/grupotextil.es\/ca\/product\/sudadera-pure-organic-reversible\/","title":{"rendered":"Sudadera Pure org\u00e1nico reversible"},"content":{"rendered":"<ul>\n<li>300 g\/m\u00b2<\/li>\n<li>100% algod\u00f3n org\u00e1nico peinado ringpsun<\/li>\n<li>Interior sin perchar<\/li>\n<li>Tacto suave<\/li>\n<li>Cuello encintado en espiguilla<\/li>\n<li>Pu\u00f1os, cuello y dobladillo acanalados con elastano<\/li>\n<li>Sin etiqueta (el bolsillo peque\u00f1o interior en el dobladillo oculta la talla y la etiqueta con el cuidado)<\/li>\n<li>Acabo Overlock que proporciona un acabado limpio para su uso reversible<\/li>\n<li>Ajuste actual y dise\u00f1o moderno<\/li>\n<\/ul>","protected":false},"excerpt":{"rendered":"<p>300 g\/m\u00b2100% algod\u00f3n org\u00e1nico peinado ringpsunInterior sin percharTacto suaveCuello encintado en espiguillaPu\u00f1os, cuello y dobladillo acanalados con elastanoSin etiqueta (el bolsillo peque\u00f1o interior<\/p>","protected":false},"featured_media":411912,"comment_status":"open","ping_status":"closed","template":"","meta":{"_acf_changed":false},"product_brand":[11670],"product_cat":[13974,13975,13973],"product_tag":[],"class_list":{"0":"post-366009","1":"product","2":"type-product","3":"status-publish","4":"has-post-thumbnail","6":"product_brand-russell-europe","7":"product_cat-ropa-hombre","8":"product_cat-ropa-mujer","9":"product_cat-ropa","10":"tm-no-options","12":"first","13":"instock","14":"taxable","15":"shipping-taxable","16":"product-type-variable"},"acf":[],"_links":{"self":[{"href":"https:\/\/grupotextil.es\/ca\/wp-json\/wp\/v2\/product\/366009","targetHints":{"allow":["GET"]}}],"collection":[{"href":"https:\/\/grupotextil.es\/ca\/wp-json\/wp\/v2\/product"}],"about":[{"href":"https:\/\/grupotextil.es\/ca\/wp-json\/wp\/v2\/types\/product"}],"replies":[{"embeddable":true,"href":"https:\/\/grupotextil.es\/ca\/wp-json\/wp\/v2\/comments?post=366009"}],"wp:featuredmedia":[{"embeddable":true,"href":"https:\/\/grupotextil.es\/ca\/wp-json\/wp\/v2\/media\/411912"}],"wp:attachment":[{"href":"https:\/\/grupotextil.es\/ca\/wp-json\/wp\/v2\/media?parent=366009"}],"wp:term":[{"taxonomy":"product_brand","embeddable":true,"href":"https:\/\/grupotextil.es\/ca\/wp-json\/wp\/v2\/product_brand?post=366009"},{"taxonomy":"product_cat","embeddable":true,"href":"https:\/\/grupotextil.es\/ca\/wp-json\/wp\/v2\/product_cat?post=366009"},{"taxonomy":"product_tag","embeddable":true,"href":"https:\/\/grupotextil.es\/ca\/wp-json\/wp\/v2\/product_tag?post=366009"}],"curies":[{"name":"wp","href":"https:\/\/api.w.org\/{rel}","templated":true}]}}