{"id":366243,"date":"2026-03-08T02:20:47","date_gmt":"2026-03-08T01:20:47","guid":{"rendered":"https:\/\/grupotextil.es\/producto\/sudadera-authentic-1-4\/"},"modified":"2026-03-08T02:20:47","modified_gmt":"2026-03-08T01:20:47","slug":"sudadera-authentic-1-4","status":"publish","type":"product","link":"https:\/\/grupotextil.es\/ca\/product\/sudadera-authentic-1-4\/","title":{"rendered":"Sweatshirt Authentic 1\/4"},"content":{"rendered":"<ul>\n<li>280 g\/m\u00b2<\/li>\n<li>80% algod\u00f3n peinado ringspun, 20% poli\u00e9ster (tejido de 3 capas)<\/li>\n<li>Superficie de impresi\u00f3n plana 100% algod\u00f3n<\/li>\n<li>Interior suave y perchado<\/li>\n<li>Cuello levantado<\/li>\n<li>Cremallera YKK 1\/4 de metal (plata envejecida)<\/li>\n<li>Cinta en el cuello en espiga<\/li>\n<li>Hombros y brazos m\u00e1s finos con costura del hombro delantera<\/li>\n<li>Dobladillo y pu\u00f1os m\u00e1s anchos<\/li>\n<li>Costuras laterales<\/li>\n<li>Ajuste contempor\u00e1neo y dise\u00f1o moderno.<\/li>\n<\/ul>","protected":false},"excerpt":{"rendered":"<p>280 g\/m\u00b280% algod\u00f3n peinado ringspun, 20% poli\u00e9ster (tejido de 3 capas)Superficie de impresi\u00f3n plana 100% algod\u00f3nInterior suave y perchadoCuello levantadoCremallera YKK 1\/4 de metal (plata envejeci&#8230;<\/p>","protected":false},"featured_media":412031,"comment_status":"open","ping_status":"closed","template":"","meta":{"_acf_changed":false},"product_brand":[11670],"product_cat":[13974,13975,13973],"product_tag":[],"class_list":{"0":"post-366243","1":"product","2":"type-product","3":"status-publish","4":"has-post-thumbnail","6":"product_brand-russell-europe","7":"product_cat-ropa-hombre","8":"product_cat-ropa-mujer","9":"product_cat-ropa","10":"tm-no-options","12":"first","13":"instock","14":"taxable","15":"shipping-taxable","16":"product-type-variable"},"acf":[],"_links":{"self":[{"href":"https:\/\/grupotextil.es\/ca\/wp-json\/wp\/v2\/product\/366243","targetHints":{"allow":["GET"]}}],"collection":[{"href":"https:\/\/grupotextil.es\/ca\/wp-json\/wp\/v2\/product"}],"about":[{"href":"https:\/\/grupotextil.es\/ca\/wp-json\/wp\/v2\/types\/product"}],"replies":[{"embeddable":true,"href":"https:\/\/grupotextil.es\/ca\/wp-json\/wp\/v2\/comments?post=366243"}],"wp:featuredmedia":[{"embeddable":true,"href":"https:\/\/grupotextil.es\/ca\/wp-json\/wp\/v2\/media\/412031"}],"wp:attachment":[{"href":"https:\/\/grupotextil.es\/ca\/wp-json\/wp\/v2\/media?parent=366243"}],"wp:term":[{"taxonomy":"product_brand","embeddable":true,"href":"https:\/\/grupotextil.es\/ca\/wp-json\/wp\/v2\/product_brand?post=366243"},{"taxonomy":"product_cat","embeddable":true,"href":"https:\/\/grupotextil.es\/ca\/wp-json\/wp\/v2\/product_cat?post=366243"},{"taxonomy":"product_tag","embeddable":true,"href":"https:\/\/grupotextil.es\/ca\/wp-json\/wp\/v2\/product_tag?post=366243"}],"curies":[{"name":"wp","href":"https:\/\/api.w.org\/{rel}","templated":true}]}}