{"id":366625,"date":"2026-03-08T02:22:15","date_gmt":"2026-03-08T01:22:15","guid":{"rendered":"https:\/\/grupotextil.es\/producto\/sudadera-con-capucha-corte-regular-1-4-cremallera\/"},"modified":"2026-03-08T02:22:15","modified_gmt":"2026-03-08T01:22:15","slug":"sudadera-con-capucha-corte-regular-1-4-cremallera","status":"publish","type":"product","link":"https:\/\/grupotextil.es\/ca\/product\/sudadera-con-capucha-corte-regular-1-4-cremallera\/","title":{"rendered":"Hoodie corte regular 1\/4 cremallera"},"content":{"rendered":"<ul>\n<li>280 g\/m\u00b2<\/li>\n<li>80% Algod\u00f3n, 20% Poli\u00e9ster<\/li>\n<li>Cara exterior 100% algod\u00f3n<\/li>\n<li>Forro de capucha de punto sencillo en color a juego.<\/li>\n<li>Cord\u00f3n plano con extremos met\u00e1licos y ojales met\u00e1licos a juego.<\/li>\n<li>Cremallera met\u00e1lica de 1\/4<\/li>\n<li>Hombros sellados<\/li>\n<li>Hombros y sisas con doble costura.<\/li>\n<li>Bolsillo canguro<\/li>\n<li>Dobladillo y pu\u00f1os acanalados.<\/li>\n<li>Etiqueta extra\u00edble<\/li>\n<li>Corte regular<\/li>\n<\/ul>","protected":false},"excerpt":{"rendered":"<p>280 g\/m\u00b280% Algod\u00f3n, 20% Poli\u00e9sterCara exterior 100% algod\u00f3nForro de capucha de punto sencillo en color a juego.<\/p>","protected":false},"featured_media":412152,"comment_status":"open","ping_status":"closed","template":"","meta":{"_acf_changed":false},"product_brand":[11672],"product_cat":[13974,13975,13973],"product_tag":[],"class_list":{"0":"post-366625","1":"product","2":"type-product","3":"status-publish","4":"has-post-thumbnail","6":"product_brand-kustom-kit","7":"product_cat-ropa-hombre","8":"product_cat-ropa-mujer","9":"product_cat-ropa","10":"tm-no-options","12":"first","13":"instock","14":"taxable","15":"shipping-taxable","16":"product-type-variable"},"acf":[],"_links":{"self":[{"href":"https:\/\/grupotextil.es\/ca\/wp-json\/wp\/v2\/product\/366625","targetHints":{"allow":["GET"]}}],"collection":[{"href":"https:\/\/grupotextil.es\/ca\/wp-json\/wp\/v2\/product"}],"about":[{"href":"https:\/\/grupotextil.es\/ca\/wp-json\/wp\/v2\/types\/product"}],"replies":[{"embeddable":true,"href":"https:\/\/grupotextil.es\/ca\/wp-json\/wp\/v2\/comments?post=366625"}],"wp:featuredmedia":[{"embeddable":true,"href":"https:\/\/grupotextil.es\/ca\/wp-json\/wp\/v2\/media\/412152"}],"wp:attachment":[{"href":"https:\/\/grupotextil.es\/ca\/wp-json\/wp\/v2\/media?parent=366625"}],"wp:term":[{"taxonomy":"product_brand","embeddable":true,"href":"https:\/\/grupotextil.es\/ca\/wp-json\/wp\/v2\/product_brand?post=366625"},{"taxonomy":"product_cat","embeddable":true,"href":"https:\/\/grupotextil.es\/ca\/wp-json\/wp\/v2\/product_cat?post=366625"},{"taxonomy":"product_tag","embeddable":true,"href":"https:\/\/grupotextil.es\/ca\/wp-json\/wp\/v2\/product_tag?post=366625"}],"curies":[{"name":"wp","href":"https:\/\/api.w.org\/{rel}","templated":true}]}}