{"id":366804,"date":"2026-03-08T02:23:01","date_gmt":"2026-03-08T01:23:01","guid":{"rendered":"https:\/\/grupotextil.es\/producto\/sudadera-pique\/"},"modified":"2026-03-08T02:23:01","modified_gmt":"2026-03-08T01:23:01","slug":"sudadera-pique","status":"publish","type":"product","link":"https:\/\/grupotextil.es\/ca\/product\/sudadera-pique\/","title":{"rendered":"Sweatshirt Piqu\u00e9"},"content":{"rendered":"<ul>\n<li>300 g\/m\u00b2<\/li>\n<li>80% algod\u00f3n, 20% poli\u00e9ster<\/li>\n<li>Tejido con cara de piqu\u00e9<\/li>\n<li>Cuello, pu\u00f1os y ribete de doble capa con costura completa<\/li>\n<li>Cuello y parte interior del cuello en jersey de color liso.<\/li>\n<li>Detalle de costura cubierta en cuello, pu\u00f1os y ribete.<\/li>\n<li>Sisas con doble pespunte<\/li>\n<li>Quitar la etiqueta del cuello trasero<\/li>\n<\/ul>","protected":false},"excerpt":{"rendered":"<p>300 g\/m\u00b280% algod\u00f3n, 20% poli\u00e9sterTejido con cara de piqu\u00e9Cuello, pu\u00f1os y ribete de doble capa con costura completaCuello y parte interior del cuello en jersey de color liso.<\/p>","protected":false},"featured_media":412239,"comment_status":"open","ping_status":"closed","template":"","meta":{"_acf_changed":false},"product_brand":[11672],"product_cat":[13974,13975,13973],"product_tag":[],"class_list":{"0":"post-366804","1":"product","2":"type-product","3":"status-publish","4":"has-post-thumbnail","6":"product_brand-kustom-kit","7":"product_cat-ropa-hombre","8":"product_cat-ropa-mujer","9":"product_cat-ropa","10":"tm-no-options","12":"first","13":"instock","14":"taxable","15":"shipping-taxable","16":"product-type-variable"},"acf":[],"_links":{"self":[{"href":"https:\/\/grupotextil.es\/ca\/wp-json\/wp\/v2\/product\/366804","targetHints":{"allow":["GET"]}}],"collection":[{"href":"https:\/\/grupotextil.es\/ca\/wp-json\/wp\/v2\/product"}],"about":[{"href":"https:\/\/grupotextil.es\/ca\/wp-json\/wp\/v2\/types\/product"}],"replies":[{"embeddable":true,"href":"https:\/\/grupotextil.es\/ca\/wp-json\/wp\/v2\/comments?post=366804"}],"wp:featuredmedia":[{"embeddable":true,"href":"https:\/\/grupotextil.es\/ca\/wp-json\/wp\/v2\/media\/412239"}],"wp:attachment":[{"href":"https:\/\/grupotextil.es\/ca\/wp-json\/wp\/v2\/media?parent=366804"}],"wp:term":[{"taxonomy":"product_brand","embeddable":true,"href":"https:\/\/grupotextil.es\/ca\/wp-json\/wp\/v2\/product_brand?post=366804"},{"taxonomy":"product_cat","embeddable":true,"href":"https:\/\/grupotextil.es\/ca\/wp-json\/wp\/v2\/product_cat?post=366804"},{"taxonomy":"product_tag","embeddable":true,"href":"https:\/\/grupotextil.es\/ca\/wp-json\/wp\/v2\/product_tag?post=366804"}],"curies":[{"name":"wp","href":"https:\/\/api.w.org\/{rel}","templated":true}]}}