{"id":366830,"date":"2026-03-08T02:23:07","date_gmt":"2026-03-08T01:23:07","guid":{"rendered":"https:\/\/grupotextil.es\/producto\/sudadera-de-trabajo-hero-pro\/"},"modified":"2026-03-08T02:23:07","modified_gmt":"2026-03-08T01:23:07","slug":"sudadera-de-trabajo-hero-pro","status":"publish","type":"product","link":"https:\/\/grupotextil.es\/ca\/product\/sudadera-de-trabajo-hero-pro\/","title":{"rendered":"Sweatshirt de trabajo Hero Pro"},"content":{"rendered":"<ul>\n<li>280 g\/m\u00b2<\/li>\n<li>80%\u00a0Algod\u00f3n, preencogido y ring-spun, 20%\u00a0Poli\u00e9ster<\/li>\n<li>Cuello y dobladillo en canal\u00e9 con elast\u00e1n<\/li>\n<li>Canes\u00fa trasero media luna con presilla<\/li>\n<li>Refuerzo en el antebrazo<\/li>\n<li>Lavable a 60\u00baC<\/li>\n<li>Sin etiqueta para un rebranding sencillo<\/li>\n<\/ul>","protected":false},"excerpt":{"rendered":"<p>280 g\/m\u00b280%\u00a0Algod\u00f3n, preencogido y ring-spun, 20%\u00a0Poli\u00e9sterCuello y dobladillo en canal\u00e9 con elast\u00e1nCanes\u00fa trasero media luna con presillaRefuerzo en el antebrazoLavable a 60\u00baCSin etiqueta para un reb<\/p>","protected":false},"featured_media":412255,"comment_status":"open","ping_status":"closed","template":"","meta":{"_acf_changed":false},"product_brand":[11653],"product_cat":[13974,13975,13973],"product_tag":[],"class_list":{"0":"post-366830","1":"product","2":"type-product","3":"status-publish","4":"has-post-thumbnail","6":"product_brand-b-c","7":"product_cat-ropa-hombre","8":"product_cat-ropa-mujer","9":"product_cat-ropa","10":"tm-no-options","12":"first","13":"instock","14":"taxable","15":"shipping-taxable","16":"product-type-variable"},"acf":[],"_links":{"self":[{"href":"https:\/\/grupotextil.es\/ca\/wp-json\/wp\/v2\/product\/366830","targetHints":{"allow":["GET"]}}],"collection":[{"href":"https:\/\/grupotextil.es\/ca\/wp-json\/wp\/v2\/product"}],"about":[{"href":"https:\/\/grupotextil.es\/ca\/wp-json\/wp\/v2\/types\/product"}],"replies":[{"embeddable":true,"href":"https:\/\/grupotextil.es\/ca\/wp-json\/wp\/v2\/comments?post=366830"}],"wp:featuredmedia":[{"embeddable":true,"href":"https:\/\/grupotextil.es\/ca\/wp-json\/wp\/v2\/media\/412255"}],"wp:attachment":[{"href":"https:\/\/grupotextil.es\/ca\/wp-json\/wp\/v2\/media?parent=366830"}],"wp:term":[{"taxonomy":"product_brand","embeddable":true,"href":"https:\/\/grupotextil.es\/ca\/wp-json\/wp\/v2\/product_brand?post=366830"},{"taxonomy":"product_cat","embeddable":true,"href":"https:\/\/grupotextil.es\/ca\/wp-json\/wp\/v2\/product_cat?post=366830"},{"taxonomy":"product_tag","embeddable":true,"href":"https:\/\/grupotextil.es\/ca\/wp-json\/wp\/v2\/product_tag?post=366830"}],"curies":[{"name":"wp","href":"https:\/\/api.w.org\/{rel}","templated":true}]}}