{"id":367013,"date":"2026-03-08T02:23:19","date_gmt":"2026-03-08T01:23:19","guid":{"rendered":"https:\/\/grupotextil.es\/producto\/sudadera-con-cremallera-entera\/"},"modified":"2026-03-08T02:23:19","modified_gmt":"2026-03-08T01:23:19","slug":"sudadera-con-cremallera-entera","status":"publish","type":"product","link":"https:\/\/grupotextil.es\/ca\/product\/sudadera-con-cremallera-entera\/","title":{"rendered":"Sweatshirt con Full Zip"},"content":{"rendered":"<ul>\n<li>310-320 g\/m\u00b2<\/li>\n<li>70% algod\u00f3n (ringspun), 30% poli\u00e9ster<\/li>\n<li>Cuello y cintura acanalados<\/li>\n<li>Cremallera completa<\/li>\n<li>Dos bolsillos delanteros<\/li>\n<li>Pu\u00f1os el\u00e1sticos con doble costura<\/li>\n<li>Tejido de 3 hilos<\/li>\n<li>Felpada por dentro<\/li>\n<li>Doble te\u00f1ido<\/li>\n<\/ul>","protected":false},"excerpt":{"rendered":"<p>310-320 g\/m\u00b270% algod\u00f3n (ringspun), 30% poli\u00e9sterCuello y cintura acanaladosCremallera completaDos bolsillos delanterosPu\u00f1os el\u00e1sticos con doble costuraTejido de 3 hilosFelpada por dentroDoble te\u00f1ido<\/p>","protected":false},"featured_media":412314,"comment_status":"open","ping_status":"closed","template":"","meta":{"_acf_changed":false},"product_brand":[11671],"product_cat":[13974,13975,13973],"product_tag":[14009],"class_list":{"0":"post-367013","1":"product","2":"type-product","3":"status-publish","4":"has-post-thumbnail","6":"product_brand-tee-jays","7":"product_cat-ropa-hombre","8":"product_cat-ropa-mujer","9":"product_cat-ropa","10":"product_tag-top-ventas","11":"tm-no-options","13":"first","14":"instock","15":"taxable","16":"shipping-taxable","17":"product-type-variable"},"acf":[],"_links":{"self":[{"href":"https:\/\/grupotextil.es\/ca\/wp-json\/wp\/v2\/product\/367013","targetHints":{"allow":["GET"]}}],"collection":[{"href":"https:\/\/grupotextil.es\/ca\/wp-json\/wp\/v2\/product"}],"about":[{"href":"https:\/\/grupotextil.es\/ca\/wp-json\/wp\/v2\/types\/product"}],"replies":[{"embeddable":true,"href":"https:\/\/grupotextil.es\/ca\/wp-json\/wp\/v2\/comments?post=367013"}],"wp:featuredmedia":[{"embeddable":true,"href":"https:\/\/grupotextil.es\/ca\/wp-json\/wp\/v2\/media\/412314"}],"wp:attachment":[{"href":"https:\/\/grupotextil.es\/ca\/wp-json\/wp\/v2\/media?parent=367013"}],"wp:term":[{"taxonomy":"product_brand","embeddable":true,"href":"https:\/\/grupotextil.es\/ca\/wp-json\/wp\/v2\/product_brand?post=367013"},{"taxonomy":"product_cat","embeddable":true,"href":"https:\/\/grupotextil.es\/ca\/wp-json\/wp\/v2\/product_cat?post=367013"},{"taxonomy":"product_tag","embeddable":true,"href":"https:\/\/grupotextil.es\/ca\/wp-json\/wp\/v2\/product_tag?post=367013"}],"curies":[{"name":"wp","href":"https:\/\/api.w.org\/{rel}","templated":true}]}}