{"id":367037,"date":"2026-03-08T02:23:20","date_gmt":"2026-03-08T01:23:20","guid":{"rendered":"https:\/\/grupotextil.es\/producto\/sudadera-manga-montada-premium\/"},"modified":"2026-03-08T02:23:20","modified_gmt":"2026-03-08T01:23:20","slug":"sudadera-manga-montada-premium","status":"publish","type":"product","link":"https:\/\/grupotextil.es\/ca\/product\/sudadera-manga-montada-premium\/","title":{"rendered":"Sweatshirt manga montada Premium"},"content":{"rendered":"<ul>\n<li>280 g\/m\u00b2<\/li>\n<li>70% algod\u00f3n ring-spun, 30% poli\u00e9ster<\/li>\n<li>Cuello encintado en single jersey<\/li>\n<li>Manga montada<\/li>\n<li>Cuello, bajo y pu\u00f1o en canal\u00e9 de algod\u00f3n\/elast\u00e1n<\/li>\n<\/ul>","protected":false},"excerpt":{"rendered":"<p>280 g\/m\u00b270% algod\u00f3n ring-spun, 30% poli\u00e9sterCuello encintado en single jerseyManga montadaCuello, bajo y pu\u00f1o en canal\u00e9 de algod\u00f3n\/elast\u00e1n<\/p>","protected":false},"featured_media":412432,"comment_status":"open","ping_status":"closed","template":"","meta":{"_acf_changed":false},"product_brand":[11665],"product_cat":[13974,13975,13973],"product_tag":[],"class_list":{"0":"post-367037","1":"product","2":"type-product","3":"status-publish","4":"has-post-thumbnail","6":"product_brand-fruit-of-the-loom","7":"product_cat-ropa-hombre","8":"product_cat-ropa-mujer","9":"product_cat-ropa","10":"tm-no-options","12":"first","13":"instock","14":"taxable","15":"shipping-taxable","16":"product-type-variable"},"acf":[],"_links":{"self":[{"href":"https:\/\/grupotextil.es\/ca\/wp-json\/wp\/v2\/product\/367037","targetHints":{"allow":["GET"]}}],"collection":[{"href":"https:\/\/grupotextil.es\/ca\/wp-json\/wp\/v2\/product"}],"about":[{"href":"https:\/\/grupotextil.es\/ca\/wp-json\/wp\/v2\/types\/product"}],"replies":[{"embeddable":true,"href":"https:\/\/grupotextil.es\/ca\/wp-json\/wp\/v2\/comments?post=367037"}],"wp:featuredmedia":[{"embeddable":true,"href":"https:\/\/grupotextil.es\/ca\/wp-json\/wp\/v2\/media\/412432"}],"wp:attachment":[{"href":"https:\/\/grupotextil.es\/ca\/wp-json\/wp\/v2\/media?parent=367037"}],"wp:term":[{"taxonomy":"product_brand","embeddable":true,"href":"https:\/\/grupotextil.es\/ca\/wp-json\/wp\/v2\/product_brand?post=367037"},{"taxonomy":"product_cat","embeddable":true,"href":"https:\/\/grupotextil.es\/ca\/wp-json\/wp\/v2\/product_cat?post=367037"},{"taxonomy":"product_tag","embeddable":true,"href":"https:\/\/grupotextil.es\/ca\/wp-json\/wp\/v2\/product_tag?post=367037"}],"curies":[{"name":"wp","href":"https:\/\/api.w.org\/{rel}","templated":true}]}}