{"id":367082,"date":"2026-03-08T02:23:25","date_gmt":"2026-03-08T01:23:25","guid":{"rendered":"https:\/\/grupotextil.es\/producto\/sudadera-pique-1-4-cremallera\/"},"modified":"2026-03-08T02:23:25","modified_gmt":"2026-03-08T01:23:25","slug":"sudadera-pique-1-4-cremallera","status":"publish","type":"product","link":"https:\/\/grupotextil.es\/ca\/product\/sudadera-pique-1-4-cremallera\/","title":{"rendered":"Sweatshirt Piqu\u00e9 1\/4 Zip"},"content":{"rendered":"<ul>\n<li>300 g\/m\u00b2<\/li>\n<li>80% algod\u00f3n, 20% poli\u00e9ster<\/li>\n<li>Tejido con cara de piqu\u00e9<\/li>\n<li>Cuello cadete de doble capa<\/li>\n<li>Pu\u00f1o y ribete de doble capa con costura completa<\/li>\n<li>Cinta del mismo color en la parte trasera del cuello y en el interior del cuello<\/li>\n<li>Cremallera met\u00e1lica oculta con tirador met\u00e1lico.<\/li>\n<li>Bolsillo tipo canguro con doble pespunte<\/li>\n<li>Pu\u00f1os y ribetes con doble costura<\/li>\n<li>Sisas y costuras de hombros con doble pespunte<\/li>\n<li>Arranque la etiqueta del cuello trasero.<\/li>\n<\/ul>","protected":false},"excerpt":{"rendered":"<p>300 g\/m\u00b280% algod\u00f3n, 20% poli\u00e9sterTejido con cara de piqu\u00e9Cuello cadete de doble capaPu\u00f1o y ribete de doble capa con costura completaCinta del mismo color en la parte trasera del cuello y en el int&#8230;<\/p>","protected":false},"featured_media":412450,"comment_status":"open","ping_status":"closed","template":"","meta":{"_acf_changed":false},"product_brand":[11672],"product_cat":[13974,13975,13973],"product_tag":[],"class_list":{"0":"post-367082","1":"product","2":"type-product","3":"status-publish","4":"has-post-thumbnail","6":"product_brand-kustom-kit","7":"product_cat-ropa-hombre","8":"product_cat-ropa-mujer","9":"product_cat-ropa","10":"tm-no-options","12":"first","13":"instock","14":"taxable","15":"shipping-taxable","16":"product-type-variable"},"acf":[],"_links":{"self":[{"href":"https:\/\/grupotextil.es\/ca\/wp-json\/wp\/v2\/product\/367082","targetHints":{"allow":["GET"]}}],"collection":[{"href":"https:\/\/grupotextil.es\/ca\/wp-json\/wp\/v2\/product"}],"about":[{"href":"https:\/\/grupotextil.es\/ca\/wp-json\/wp\/v2\/types\/product"}],"replies":[{"embeddable":true,"href":"https:\/\/grupotextil.es\/ca\/wp-json\/wp\/v2\/comments?post=367082"}],"wp:featuredmedia":[{"embeddable":true,"href":"https:\/\/grupotextil.es\/ca\/wp-json\/wp\/v2\/media\/412450"}],"wp:attachment":[{"href":"https:\/\/grupotextil.es\/ca\/wp-json\/wp\/v2\/media?parent=367082"}],"wp:term":[{"taxonomy":"product_brand","embeddable":true,"href":"https:\/\/grupotextil.es\/ca\/wp-json\/wp\/v2\/product_brand?post=367082"},{"taxonomy":"product_cat","embeddable":true,"href":"https:\/\/grupotextil.es\/ca\/wp-json\/wp\/v2\/product_cat?post=367082"},{"taxonomy":"product_tag","embeddable":true,"href":"https:\/\/grupotextil.es\/ca\/wp-json\/wp\/v2\/product_tag?post=367082"}],"curies":[{"name":"wp","href":"https:\/\/api.w.org\/{rel}","templated":true}]}}