{"id":367268,"date":"2026-03-08T02:23:50","date_gmt":"2026-03-08T01:23:50","guid":{"rendered":"https:\/\/grupotextil.es\/producto\/sudadera-authentic\/"},"modified":"2026-03-08T02:23:50","modified_gmt":"2026-03-08T01:23:50","slug":"sudadera-authentic","status":"publish","type":"product","link":"https:\/\/grupotextil.es\/ca\/product\/sudadera-authentic\/","title":{"rendered":"Sweatshirt Authentic"},"content":{"rendered":"<ul>\n<li>280 g\/m\u00b2<\/li>\n<li>80% algod\u00f3n ring-spun y peinado, 20% poli\u00e9ster<\/li>\n<li>Tejido de calidad de 3 capas<\/li>\n<li>Cuello encintado en espiguilla<\/li>\n<li>Manga montada<\/li>\n<li>Hombros y brazos finos<\/li>\n<li>Sisas, pu\u00f1os y bajo con tapa costura<\/li>\n<li>Corte recto moderno<\/li>\n<li>Tejido tubular<\/li>\n<\/ul>","protected":false},"excerpt":{"rendered":"<p>280 g\/m\u00b280% algod\u00f3n ring-spun y peinado, 20% poli\u00e9sterTejido de calidad de 3 capasCuello encintado en espiguillaManga montadaHombros y brazos finosSisas, pu\u00f1os y bajo con tapa costuraCorte recto moder<\/p>","protected":false},"featured_media":412493,"comment_status":"open","ping_status":"closed","template":"","meta":{"_acf_changed":false},"product_brand":[11670],"product_cat":[13974,13975,13973],"product_tag":[14010,14009],"class_list":{"0":"post-367268","1":"product","2":"type-product","3":"status-publish","4":"has-post-thumbnail","6":"product_brand-russell-europe","7":"product_cat-ropa-hombre","8":"product_cat-ropa-mujer","9":"product_cat-ropa","10":"product_tag-nuevo-2026","11":"product_tag-top-ventas","12":"tm-no-options","14":"first","15":"instock","16":"taxable","17":"shipping-taxable","18":"product-type-variable"},"acf":[],"_links":{"self":[{"href":"https:\/\/grupotextil.es\/ca\/wp-json\/wp\/v2\/product\/367268","targetHints":{"allow":["GET"]}}],"collection":[{"href":"https:\/\/grupotextil.es\/ca\/wp-json\/wp\/v2\/product"}],"about":[{"href":"https:\/\/grupotextil.es\/ca\/wp-json\/wp\/v2\/types\/product"}],"replies":[{"embeddable":true,"href":"https:\/\/grupotextil.es\/ca\/wp-json\/wp\/v2\/comments?post=367268"}],"wp:featuredmedia":[{"embeddable":true,"href":"https:\/\/grupotextil.es\/ca\/wp-json\/wp\/v2\/media\/412493"}],"wp:attachment":[{"href":"https:\/\/grupotextil.es\/ca\/wp-json\/wp\/v2\/media?parent=367268"}],"wp:term":[{"taxonomy":"product_brand","embeddable":true,"href":"https:\/\/grupotextil.es\/ca\/wp-json\/wp\/v2\/product_brand?post=367268"},{"taxonomy":"product_cat","embeddable":true,"href":"https:\/\/grupotextil.es\/ca\/wp-json\/wp\/v2\/product_cat?post=367268"},{"taxonomy":"product_tag","embeddable":true,"href":"https:\/\/grupotextil.es\/ca\/wp-json\/wp\/v2\/product_tag?post=367268"}],"curies":[{"name":"wp","href":"https:\/\/api.w.org\/{rel}","templated":true}]}}