{"id":367916,"date":"2026-03-08T02:25:52","date_gmt":"2026-03-08T01:25:52","guid":{"rendered":"https:\/\/grupotextil.es\/producto\/jersey-arundel-mujer-classic-fit\/"},"modified":"2026-03-08T02:25:52","modified_gmt":"2026-03-08T01:25:52","slug":"jersey-arundel-mujer-classic-fit","status":"publish","type":"product","link":"https:\/\/grupotextil.es\/ca\/product\/jersey-arundel-mujer-classic-fit\/","title":{"rendered":"Jersey Arundel mujer cl\u00e1sica Fit"},"content":{"rendered":"<ul>\n<li>Punto de medida 12<\/li>\n<li>50% algod\u00f3n, 50% acr\u00edlico<\/li>\n<li>Cuello V femenino en canal\u00e9 1&#215;1<\/li>\n<li>Pu\u00f1os en canal\u00e9 1&#215;1<\/li>\n<li>Etiqueta Kustom Kit tejida detr\u00e1s del cuello<\/li>\n<\/ul>","protected":false},"excerpt":{"rendered":"<p>Punto de medida 1250% algod\u00f3n, 50% acr\u00edlicoCuello V femenino en canal\u00e9 1x1Pu\u00f1os en canal\u00e9 1x1Etiqueta Kustom Kit tejida detr\u00e1s del cuello<\/p>","protected":false},"featured_media":412668,"comment_status":"open","ping_status":"closed","template":"","meta":{"_acf_changed":false},"product_brand":[11672],"product_cat":[13974,13975,13973],"product_tag":[],"class_list":{"0":"post-367916","1":"product","2":"type-product","3":"status-publish","4":"has-post-thumbnail","6":"product_brand-kustom-kit","7":"product_cat-ropa-hombre","8":"product_cat-ropa-mujer","9":"product_cat-ropa","10":"tm-no-options","12":"first","13":"instock","14":"taxable","15":"shipping-taxable","16":"product-type-variable"},"acf":[],"_links":{"self":[{"href":"https:\/\/grupotextil.es\/ca\/wp-json\/wp\/v2\/product\/367916","targetHints":{"allow":["GET"]}}],"collection":[{"href":"https:\/\/grupotextil.es\/ca\/wp-json\/wp\/v2\/product"}],"about":[{"href":"https:\/\/grupotextil.es\/ca\/wp-json\/wp\/v2\/types\/product"}],"replies":[{"embeddable":true,"href":"https:\/\/grupotextil.es\/ca\/wp-json\/wp\/v2\/comments?post=367916"}],"wp:featuredmedia":[{"embeddable":true,"href":"https:\/\/grupotextil.es\/ca\/wp-json\/wp\/v2\/media\/412668"}],"wp:attachment":[{"href":"https:\/\/grupotextil.es\/ca\/wp-json\/wp\/v2\/media?parent=367916"}],"wp:term":[{"taxonomy":"product_brand","embeddable":true,"href":"https:\/\/grupotextil.es\/ca\/wp-json\/wp\/v2\/product_brand?post=367916"},{"taxonomy":"product_cat","embeddable":true,"href":"https:\/\/grupotextil.es\/ca\/wp-json\/wp\/v2\/product_cat?post=367916"},{"taxonomy":"product_tag","embeddable":true,"href":"https:\/\/grupotextil.es\/ca\/wp-json\/wp\/v2\/product_tag?post=367916"}],"curies":[{"name":"wp","href":"https:\/\/api.w.org\/{rel}","templated":true}]}}