{"id":367941,"date":"2026-03-08T02:26:00","date_gmt":"2026-03-08T01:26:00","guid":{"rendered":"https:\/\/grupotextil.es\/producto\/originals-varsity-jacket-unisex\/"},"modified":"2026-03-08T02:26:00","modified_gmt":"2026-03-08T01:26:00","slug":"originals-varsity-jacket-unisex","status":"publish","type":"product","link":"https:\/\/grupotextil.es\/ca\/product\/originals-varsity-jacket-unisex\/","title":{"rendered":"Originals Varsity Jacket Unisex"},"content":{"rendered":"<ul>\n<li>280 g\/m\u00b2<\/li>\n<li>80 % algod\u00f3n hilado en anillos y peinado, 20 % poli\u00e9ster (reciclado)<\/li>\n<li>Oxford ligero: 70 % algod\u00f3n, 30 % poli\u00e9ster (reciclado)<\/li>\n<li>Cara exterior 100% algod\u00f3n para una mejor impresi\u00f3n.<\/li>\n<li>Tacto suave de melocot\u00f3n<\/li>\n<li>Tejido de bajo encogimiento (3 hilos)<\/li>\n<li>Interior cepillado y anti-pilling.<\/li>\n<li>Cinta para el cuello<\/li>\n<li>Costura con aguja doble<\/li>\n<li>Dobladillo inferior, cuello y pu\u00f1os acanalados de 2 colores a rayas<\/li>\n<li>Mangas en contraste y botones a presi\u00f3n.<\/li>\n<li>Costuras laterales<\/li>\n<li>Canes\u00fa en forma de media luna en la espalda para marcar el interior del cuello<\/li>\n<li>Sin etiqueta (etiqueta de tama\u00f1o descentrada en el cuello para cambiar la marca)<\/li>\n<li>Estilo unisex<\/li>\n<\/ul>","protected":false},"excerpt":{"rendered":"<p>280 g\/m\u00b280 % algod\u00f3n hilado en anillos y peinado, 20 % poli\u00e9ster (reciclado)Oxford ligero: 70 % algod\u00f3n, 30 % poli\u00e9ster (reciclado)Cara exterior 100% algod\u00f3n para una mejor impresi\u00f3n.<\/p>","protected":false},"featured_media":412687,"comment_status":"open","ping_status":"closed","template":"","meta":{"_acf_changed":false},"product_brand":[11676],"product_cat":[13974,13975,13973],"product_tag":[],"class_list":{"0":"post-367941","1":"product","2":"type-product","3":"status-publish","4":"has-post-thumbnail","6":"product_brand-sg","7":"product_cat-ropa-hombre","8":"product_cat-ropa-mujer","9":"product_cat-ropa","10":"tm-no-options","12":"first","13":"instock","14":"taxable","15":"shipping-taxable","16":"product-type-variable"},"acf":[],"_links":{"self":[{"href":"https:\/\/grupotextil.es\/ca\/wp-json\/wp\/v2\/product\/367941","targetHints":{"allow":["GET"]}}],"collection":[{"href":"https:\/\/grupotextil.es\/ca\/wp-json\/wp\/v2\/product"}],"about":[{"href":"https:\/\/grupotextil.es\/ca\/wp-json\/wp\/v2\/types\/product"}],"replies":[{"embeddable":true,"href":"https:\/\/grupotextil.es\/ca\/wp-json\/wp\/v2\/comments?post=367941"}],"wp:featuredmedia":[{"embeddable":true,"href":"https:\/\/grupotextil.es\/ca\/wp-json\/wp\/v2\/media\/412687"}],"wp:attachment":[{"href":"https:\/\/grupotextil.es\/ca\/wp-json\/wp\/v2\/media?parent=367941"}],"wp:term":[{"taxonomy":"product_brand","embeddable":true,"href":"https:\/\/grupotextil.es\/ca\/wp-json\/wp\/v2\/product_brand?post=367941"},{"taxonomy":"product_cat","embeddable":true,"href":"https:\/\/grupotextil.es\/ca\/wp-json\/wp\/v2\/product_cat?post=367941"},{"taxonomy":"product_tag","embeddable":true,"href":"https:\/\/grupotextil.es\/ca\/wp-json\/wp\/v2\/product_tag?post=367941"}],"curies":[{"name":"wp","href":"https:\/\/api.w.org\/{rel}","templated":true}]}}