{"id":367987,"date":"2026-03-08T02:26:02","date_gmt":"2026-03-08T01:26:02","guid":{"rendered":"https:\/\/grupotextil.es\/producto\/sudadera-authentic-hombre\/"},"modified":"2026-03-08T02:26:02","modified_gmt":"2026-03-08T01:26:02","slug":"sudadera-authentic-hombre","status":"publish","type":"product","link":"https:\/\/grupotextil.es\/ca\/product\/sudadera-authentic-hombre\/","title":{"rendered":"Sudadera Authentic hombre"},"content":{"rendered":"<ul>\n<li>280 g\/m\u00b2<\/li>\n<li>80% algod\u00f3n ring-spun peinado, 20% poli\u00e9ster<\/li>\n<li>Cuello encintado con espiguilla<\/li>\n<li>Cuello cadete del mismo tejido<\/li>\n<li>Hombros y brazos m\u00e1s finos con costura del hombro delantera<\/li>\n<li>Bolsillos ribeteados del mismo tejido<\/li>\n<li>Acceso para auriculares MP3<\/li>\n<li>Costura en sisas, pu\u00f1os y dobladillo<\/li>\n<li>Cremallera entera YKK met\u00e1lica (Antique Silver)<\/li>\n<li>Corte recto<\/li>\n<li>La capa externa proporciona la mejor superficie para la decoraci\u00f3n<\/li>\n<\/ul>","protected":false},"excerpt":{"rendered":"<p>280 g\/m\u00b280% algod\u00f3n ring-spun peinado, 20% poli\u00e9sterCuello encintado con espiguillaCuello cadete del mismo tejidoHombros y brazos m\u00e1s finos con costura del hombro delanteraBolsillos ribeteados del mis<\/p>","protected":false},"featured_media":412721,"comment_status":"open","ping_status":"closed","template":"","meta":{"_acf_changed":false},"product_brand":[11670],"product_cat":[13974,13975,13973],"product_tag":[14009],"class_list":{"0":"post-367987","1":"product","2":"type-product","3":"status-publish","4":"has-post-thumbnail","6":"product_brand-russell-europe","7":"product_cat-ropa-hombre","8":"product_cat-ropa-mujer","9":"product_cat-ropa","10":"product_tag-top-ventas","11":"tm-no-options","13":"first","14":"instock","15":"taxable","16":"shipping-taxable","17":"product-type-variable"},"acf":[],"_links":{"self":[{"href":"https:\/\/grupotextil.es\/ca\/wp-json\/wp\/v2\/product\/367987","targetHints":{"allow":["GET"]}}],"collection":[{"href":"https:\/\/grupotextil.es\/ca\/wp-json\/wp\/v2\/product"}],"about":[{"href":"https:\/\/grupotextil.es\/ca\/wp-json\/wp\/v2\/types\/product"}],"replies":[{"embeddable":true,"href":"https:\/\/grupotextil.es\/ca\/wp-json\/wp\/v2\/comments?post=367987"}],"wp:featuredmedia":[{"embeddable":true,"href":"https:\/\/grupotextil.es\/ca\/wp-json\/wp\/v2\/media\/412721"}],"wp:attachment":[{"href":"https:\/\/grupotextil.es\/ca\/wp-json\/wp\/v2\/media?parent=367987"}],"wp:term":[{"taxonomy":"product_brand","embeddable":true,"href":"https:\/\/grupotextil.es\/ca\/wp-json\/wp\/v2\/product_brand?post=367987"},{"taxonomy":"product_cat","embeddable":true,"href":"https:\/\/grupotextil.es\/ca\/wp-json\/wp\/v2\/product_cat?post=367987"},{"taxonomy":"product_tag","embeddable":true,"href":"https:\/\/grupotextil.es\/ca\/wp-json\/wp\/v2\/product_tag?post=367987"}],"curies":[{"name":"wp","href":"https:\/\/api.w.org\/{rel}","templated":true}]}}