{"id":368263,"date":"2026-03-08T02:29:21","date_gmt":"2026-03-08T01:29:21","guid":{"rendered":"https:\/\/grupotextil.es\/producto\/sudadera-cuello-redondo-unisex-id-202-50-50\/"},"modified":"2026-03-08T02:29:21","modified_gmt":"2026-03-08T01:29:21","slug":"sudadera-cuello-redondo-unisex-id-202-50-50","status":"publish","type":"product","link":"https:\/\/grupotextil.es\/ca\/product\/sudadera-cuello-redondo-unisex-id-202-50-50\/","title":{"rendered":"Sweatshirt Round Neck Unisex ID.202 50\/50"},"content":{"rendered":"<ul>\n<li>270 g\/m\u00b2<\/li>\n<li>50% algod\u00f3n, 50% poli\u00e9ster<\/li>\n<li>Interior perchado<\/li>\n<li>Cuello, manga y dobladillo en canal\u00e9 1&#215;1 con elastano<\/li>\n<li>Costuras en sisa y cuello<\/li>\n<li>Mangas montadas<\/li>\n<li>Costuras laterales<\/li>\n<li>Corte normal<\/li>\n<li>Sistema B&amp;C no label, perfecto para re-etiquetar<\/li>\n<li>Apropiada para serigraf\u00eda, impresi\u00f3n por transfer y bordado<\/li>\n<\/ul>","protected":false},"excerpt":{"rendered":"<p>270 g\/m\u00b250% algod\u00f3n, 50% poli\u00e9sterInterior perchadoCuello, manga y dobladillo en canal\u00e9 1&#215;1 con elastanoCosturas en sisa y cuelloMangas montadasCosturas lateralesCorte normalSistema B&#038;C no label, perf<\/p>","protected":false},"featured_media":412770,"comment_status":"open","ping_status":"closed","template":"","meta":{"_acf_changed":false},"product_brand":[11653],"product_cat":[13974,13975,13973],"product_tag":[],"class_list":{"0":"post-368263","1":"product","2":"type-product","3":"status-publish","4":"has-post-thumbnail","6":"product_brand-b-c","7":"product_cat-ropa-hombre","8":"product_cat-ropa-mujer","9":"product_cat-ropa","10":"tm-no-options","12":"first","13":"instock","14":"taxable","15":"shipping-taxable","16":"product-type-variable"},"acf":[],"_links":{"self":[{"href":"https:\/\/grupotextil.es\/ca\/wp-json\/wp\/v2\/product\/368263","targetHints":{"allow":["GET"]}}],"collection":[{"href":"https:\/\/grupotextil.es\/ca\/wp-json\/wp\/v2\/product"}],"about":[{"href":"https:\/\/grupotextil.es\/ca\/wp-json\/wp\/v2\/types\/product"}],"replies":[{"embeddable":true,"href":"https:\/\/grupotextil.es\/ca\/wp-json\/wp\/v2\/comments?post=368263"}],"wp:featuredmedia":[{"embeddable":true,"href":"https:\/\/grupotextil.es\/ca\/wp-json\/wp\/v2\/media\/412770"}],"wp:attachment":[{"href":"https:\/\/grupotextil.es\/ca\/wp-json\/wp\/v2\/media?parent=368263"}],"wp:term":[{"taxonomy":"product_brand","embeddable":true,"href":"https:\/\/grupotextil.es\/ca\/wp-json\/wp\/v2\/product_brand?post=368263"},{"taxonomy":"product_cat","embeddable":true,"href":"https:\/\/grupotextil.es\/ca\/wp-json\/wp\/v2\/product_cat?post=368263"},{"taxonomy":"product_tag","embeddable":true,"href":"https:\/\/grupotextil.es\/ca\/wp-json\/wp\/v2\/product_tag?post=368263"}],"curies":[{"name":"wp","href":"https:\/\/api.w.org\/{rel}","templated":true}]}}