{"id":368404,"date":"2026-03-08T02:29:27","date_gmt":"2026-03-08T01:29:27","guid":{"rendered":"https:\/\/grupotextil.es\/producto\/sudadera-raglan-hd-hombre\/"},"modified":"2026-03-08T02:29:27","modified_gmt":"2026-03-08T01:29:27","slug":"sudadera-raglan-hd-hombre","status":"publish","type":"product","link":"https:\/\/grupotextil.es\/ca\/product\/sudadera-raglan-hd-hombre\/","title":{"rendered":"Sudadera Raglan HD hombre"},"content":{"rendered":"<ul>\n<li>255 g\/m\u00b2 (White: 250 g\/m\u00b2)<\/li>\n<li>65% poli\u00e9ster, 35% algod\u00f3n ring-spun peinado<\/li>\n<li>French Terry<\/li>\n<li>Cuello encintado con puntada a una aguja<\/li>\n<li>Etiqueta adhesiva extra\u00edble<\/li>\n<li>Costura en dobladillo y pu\u00f1os<\/li>\n<li>Corte ajustado<\/li>\n<li>Apropiado para sublimaci\u00f3n, bordado, transfer,serigraf\u00eda e impresi\u00f3n<\/li>\n<\/ul>","protected":false},"excerpt":{"rendered":"<p>255 g\/m\u00b2 (White: 250 g\/m\u00b2)65% poli\u00e9ster, 35% algod\u00f3n ring-spun peinadoFrench TerryCuello encintado con puntada a una agujaEtiqueta adhesiva extra\u00edbleCostura en dobladillo y pu\u00f1osCorte ajustadoApropiad<\/p>","protected":false},"featured_media":412784,"comment_status":"open","ping_status":"closed","template":"","meta":{"_acf_changed":false},"product_brand":[11670],"product_cat":[13974,13975,13973],"product_tag":[],"class_list":{"0":"post-368404","1":"product","2":"type-product","3":"status-publish","4":"has-post-thumbnail","6":"product_brand-russell-europe","7":"product_cat-ropa-hombre","8":"product_cat-ropa-mujer","9":"product_cat-ropa","10":"tm-no-options","12":"first","13":"instock","14":"taxable","15":"shipping-taxable","16":"product-type-variable"},"acf":[],"_links":{"self":[{"href":"https:\/\/grupotextil.es\/ca\/wp-json\/wp\/v2\/product\/368404","targetHints":{"allow":["GET"]}}],"collection":[{"href":"https:\/\/grupotextil.es\/ca\/wp-json\/wp\/v2\/product"}],"about":[{"href":"https:\/\/grupotextil.es\/ca\/wp-json\/wp\/v2\/types\/product"}],"replies":[{"embeddable":true,"href":"https:\/\/grupotextil.es\/ca\/wp-json\/wp\/v2\/comments?post=368404"}],"wp:featuredmedia":[{"embeddable":true,"href":"https:\/\/grupotextil.es\/ca\/wp-json\/wp\/v2\/media\/412784"}],"wp:attachment":[{"href":"https:\/\/grupotextil.es\/ca\/wp-json\/wp\/v2\/media?parent=368404"}],"wp:term":[{"taxonomy":"product_brand","embeddable":true,"href":"https:\/\/grupotextil.es\/ca\/wp-json\/wp\/v2\/product_brand?post=368404"},{"taxonomy":"product_cat","embeddable":true,"href":"https:\/\/grupotextil.es\/ca\/wp-json\/wp\/v2\/product_cat?post=368404"},{"taxonomy":"product_tag","embeddable":true,"href":"https:\/\/grupotextil.es\/ca\/wp-json\/wp\/v2\/product_tag?post=368404"}],"curies":[{"name":"wp","href":"https:\/\/api.w.org\/{rel}","templated":true}]}}