{"id":368429,"date":"2026-03-08T02:29:29","date_gmt":"2026-03-08T01:29:29","guid":{"rendered":"https:\/\/grupotextil.es\/producto\/sudadera-con-capucha-polar-softstyle-adulto\/"},"modified":"2026-03-08T02:29:29","modified_gmt":"2026-03-08T01:29:29","slug":"sudadera-con-capucha-polar-softstyle-adulto","status":"publish","type":"product","link":"https:\/\/grupotextil.es\/ca\/product\/sudadera-con-capucha-polar-softstyle-adulto\/","title":{"rendered":"Sudadera con capucha polar Softstyle adulto"},"content":{"rendered":"<ul>\n<li>285 g\/m\u00b2 (Blanco: 275 g\/m\u00b2)<\/li>\n<li>80% algod\u00f3n ringspun, 20% poli\u00e9ster (Dark Heather: 50% algod\u00f3n ringspun, 50% poli\u00e9ster \/ Sport Grey: 75% algod\u00f3n ringspun, 25% poli\u00e9ster)<\/li>\n<li>Interior afelpado, exterior 100% algod\u00f3n<\/li>\n<li>Capucha con forro tejido de punto del mismo color<\/li>\n<li>Hombros ca\u00eddos<\/li>\n<li>Bolsillo canguro<\/li>\n<li>Canal\u00e9 1&#215;1, pu\u00f1os y banda inferior de elastano, mayor elasticidad y conservaci\u00f3n<\/li>\n<li>Ca\u00edda tubular<\/li>\n<li>Etiqueta extra\u00edble color negro<\/li>\n<li>Ideal para impresi\u00f3n DTG<\/li>\n<li>Ajuste regular<\/li>\n<\/ul>","protected":false},"excerpt":{"rendered":"<p>285 g\/m\u00b2 (Blanco: 275 g\/m\u00b2)80% algod\u00f3n ringspun, 20% poli\u00e9ster (Dark Heather: 50% algod\u00f3n ringspun, 50% poli\u00e9ster \/ Sport Grey: 75% algod\u00f3n ringspun, 25% poli\u00e9ster)Interior afelpado, exterior 100% alg<\/p>","protected":false},"featured_media":412800,"comment_status":"open","ping_status":"closed","template":"","meta":{"_acf_changed":false},"product_brand":[11666],"product_cat":[13974,13975,13973],"product_tag":[],"class_list":{"0":"post-368429","1":"product","2":"type-product","3":"status-publish","4":"has-post-thumbnail","6":"product_brand-gildan","7":"product_cat-ropa-hombre","8":"product_cat-ropa-mujer","9":"product_cat-ropa","10":"tm-no-options","12":"first","13":"instock","14":"taxable","15":"shipping-taxable","16":"product-type-variable"},"acf":[],"_links":{"self":[{"href":"https:\/\/grupotextil.es\/ca\/wp-json\/wp\/v2\/product\/368429","targetHints":{"allow":["GET"]}}],"collection":[{"href":"https:\/\/grupotextil.es\/ca\/wp-json\/wp\/v2\/product"}],"about":[{"href":"https:\/\/grupotextil.es\/ca\/wp-json\/wp\/v2\/types\/product"}],"replies":[{"embeddable":true,"href":"https:\/\/grupotextil.es\/ca\/wp-json\/wp\/v2\/comments?post=368429"}],"wp:featuredmedia":[{"embeddable":true,"href":"https:\/\/grupotextil.es\/ca\/wp-json\/wp\/v2\/media\/412800"}],"wp:attachment":[{"href":"https:\/\/grupotextil.es\/ca\/wp-json\/wp\/v2\/media?parent=368429"}],"wp:term":[{"taxonomy":"product_brand","embeddable":true,"href":"https:\/\/grupotextil.es\/ca\/wp-json\/wp\/v2\/product_brand?post=368429"},{"taxonomy":"product_cat","embeddable":true,"href":"https:\/\/grupotextil.es\/ca\/wp-json\/wp\/v2\/product_cat?post=368429"},{"taxonomy":"product_tag","embeddable":true,"href":"https:\/\/grupotextil.es\/ca\/wp-json\/wp\/v2\/product_tag?post=368429"}],"curies":[{"name":"wp","href":"https:\/\/api.w.org\/{rel}","templated":true}]}}