{"id":368804,"date":"2026-03-08T02:33:08","date_gmt":"2026-03-08T01:33:08","guid":{"rendered":"https:\/\/grupotextil.es\/producto\/sudadera-con-capucha-athletic\/"},"modified":"2026-03-08T02:33:08","modified_gmt":"2026-03-08T01:33:08","slug":"sudadera-con-capucha-athletic","status":"publish","type":"product","link":"https:\/\/grupotextil.es\/ca\/product\/sudadera-con-capucha-athletic\/","title":{"rendered":"Sudadera con capucha Athletic"},"content":{"rendered":"<ul>\n<li>320 g\/m\u00b2<\/li>\n<li>60% Algod\u00f3n, hilado en anillos, 40% Poli\u00e9ster<\/li>\n<li>Capucha de doble capa<\/li>\n<li>Bolsillo en la manga con cremallera SBS<\/li>\n<li>Bolsillo canguro grande<\/li>\n<li>Pu\u00f1os del mismo tejido<\/li>\n<li>Costuras con doble aguja en pu\u00f1os y dobladillo.<\/li>\n<\/ul>","protected":false},"excerpt":{"rendered":"<p>320 g\/m\u00b260% Algod\u00f3n, hilado en anillos, 40% Poli\u00e9sterCapucha de doble capaBolsillo en la manga con cremallera SBSBolsillo canguro grandePu\u00f1os del mismo tejidoCosturas con doble aguja en pu\u00f1os y dob&#8230;<\/p>","protected":false},"featured_media":412831,"comment_status":"open","ping_status":"closed","template":"","meta":{"_acf_changed":false},"product_brand":[11671],"product_cat":[13974,13975,13973],"product_tag":[],"class_list":{"0":"post-368804","1":"product","2":"type-product","3":"status-publish","4":"has-post-thumbnail","6":"product_brand-tee-jays","7":"product_cat-ropa-hombre","8":"product_cat-ropa-mujer","9":"product_cat-ropa","10":"tm-no-options","12":"first","13":"instock","14":"taxable","15":"shipping-taxable","16":"product-type-variable"},"acf":[],"_links":{"self":[{"href":"https:\/\/grupotextil.es\/ca\/wp-json\/wp\/v2\/product\/368804","targetHints":{"allow":["GET"]}}],"collection":[{"href":"https:\/\/grupotextil.es\/ca\/wp-json\/wp\/v2\/product"}],"about":[{"href":"https:\/\/grupotextil.es\/ca\/wp-json\/wp\/v2\/types\/product"}],"replies":[{"embeddable":true,"href":"https:\/\/grupotextil.es\/ca\/wp-json\/wp\/v2\/comments?post=368804"}],"wp:featuredmedia":[{"embeddable":true,"href":"https:\/\/grupotextil.es\/ca\/wp-json\/wp\/v2\/media\/412831"}],"wp:attachment":[{"href":"https:\/\/grupotextil.es\/ca\/wp-json\/wp\/v2\/media?parent=368804"}],"wp:term":[{"taxonomy":"product_brand","embeddable":true,"href":"https:\/\/grupotextil.es\/ca\/wp-json\/wp\/v2\/product_brand?post=368804"},{"taxonomy":"product_cat","embeddable":true,"href":"https:\/\/grupotextil.es\/ca\/wp-json\/wp\/v2\/product_cat?post=368804"},{"taxonomy":"product_tag","embeddable":true,"href":"https:\/\/grupotextil.es\/ca\/wp-json\/wp\/v2\/product_tag?post=368804"}],"curies":[{"name":"wp","href":"https:\/\/api.w.org\/{rel}","templated":true}]}}