{"id":368889,"date":"2026-03-08T02:33:37","date_gmt":"2026-03-08T01:33:37","guid":{"rendered":"https:\/\/grupotextil.es\/producto\/sudadera-cremallera-completa-athletic\/"},"modified":"2026-03-08T02:33:37","modified_gmt":"2026-03-08T01:33:37","slug":"sudadera-cremallera-completa-athletic","status":"publish","type":"product","link":"https:\/\/grupotextil.es\/ca\/product\/sudadera-cremallera-completa-athletic\/","title":{"rendered":"Sweatshirt Full Zip Athletic"},"content":{"rendered":"<ul>\n<li>320 g\/m\u00b2<\/li>\n<li>60% Algod\u00f3n, hilado en anillos, 40% Poli\u00e9ster<\/li>\n<li>Cuello cadete<\/li>\n<li>Cremallera SBS completa<\/li>\n<li>Bolsillo en la manga con cremallera SBS<\/li>\n<li>Bolsillos laterales<\/li>\n<li>Pu\u00f1os del mismo tejido<\/li>\n<li>Cinta el\u00e1stica en el dobladillo inferior.<\/li>\n<\/ul>","protected":false},"excerpt":{"rendered":"<p>320 g\/m\u00b260% Algod\u00f3n, hilado en anillos, 40% Poli\u00e9sterCuello cadeteCremallera SBS completaBolsillo en la manga con cremallera SBSBolsillos lateralesPu\u00f1os del mismo tejidoCinta el\u00e1stica en el dobladi&#8230;<\/p>","protected":false},"featured_media":412870,"comment_status":"open","ping_status":"closed","template":"","meta":{"_acf_changed":false},"product_brand":[11671],"product_cat":[13974,13975,13973],"product_tag":[14010],"class_list":{"0":"post-368889","1":"product","2":"type-product","3":"status-publish","4":"has-post-thumbnail","6":"product_brand-tee-jays","7":"product_cat-ropa-hombre","8":"product_cat-ropa-mujer","9":"product_cat-ropa","10":"product_tag-nuevo-2026","11":"tm-no-options","13":"first","14":"instock","15":"taxable","16":"shipping-taxable","17":"product-type-variable"},"acf":[],"_links":{"self":[{"href":"https:\/\/grupotextil.es\/ca\/wp-json\/wp\/v2\/product\/368889","targetHints":{"allow":["GET"]}}],"collection":[{"href":"https:\/\/grupotextil.es\/ca\/wp-json\/wp\/v2\/product"}],"about":[{"href":"https:\/\/grupotextil.es\/ca\/wp-json\/wp\/v2\/types\/product"}],"replies":[{"embeddable":true,"href":"https:\/\/grupotextil.es\/ca\/wp-json\/wp\/v2\/comments?post=368889"}],"wp:featuredmedia":[{"embeddable":true,"href":"https:\/\/grupotextil.es\/ca\/wp-json\/wp\/v2\/media\/412870"}],"wp:attachment":[{"href":"https:\/\/grupotextil.es\/ca\/wp-json\/wp\/v2\/media?parent=368889"}],"wp:term":[{"taxonomy":"product_brand","embeddable":true,"href":"https:\/\/grupotextil.es\/ca\/wp-json\/wp\/v2\/product_brand?post=368889"},{"taxonomy":"product_cat","embeddable":true,"href":"https:\/\/grupotextil.es\/ca\/wp-json\/wp\/v2\/product_cat?post=368889"},{"taxonomy":"product_tag","embeddable":true,"href":"https:\/\/grupotextil.es\/ca\/wp-json\/wp\/v2\/product_tag?post=368889"}],"curies":[{"name":"wp","href":"https:\/\/api.w.org\/{rel}","templated":true}]}}