{"id":370035,"date":"2026-03-08T02:38:12","date_gmt":"2026-03-08T01:38:12","guid":{"rendered":"https:\/\/grupotextil.es\/producto\/sudadera-ligera-con-capucha-mujer\/"},"modified":"2026-03-08T02:38:12","modified_gmt":"2026-03-08T01:38:12","slug":"sudadera-ligera-con-capucha-mujer","status":"publish","type":"product","link":"https:\/\/grupotextil.es\/ca\/product\/sudadera-ligera-con-capucha-mujer\/","title":{"rendered":"Sudadera ligera con capucha mujer"},"content":{"rendered":"<ul>\n<li>280 g\/m\u00b2<\/li>\n<li>80% algod\u00f3n pre-encogido y ring-spun, 20% Poli\u00e9ster<\/li>\n<li>Colores Heather: 60% algod\u00f3n, 40% poli\u00e9ster<\/li>\n<li>Heather Grey: 92% algod\u00f3n, 8% viscosa<\/li>\n<li>Superficie lisa y uniforme para mejores resultados de impresi\u00f3n<\/li>\n<li>French Terry (interior sin felpa)<\/li>\n<li>Capucha de una capa con cord\u00f3n ajustable del mismo color<\/li>\n<li>Interior Single Jersey y canes\u00fa media luna<\/li>\n<li>Bolsillo canguro<\/li>\n<li>Pu\u00f1os y dobladillo inferior en canal\u00e9<\/li>\n<li>Costuras laterales<\/li>\n<li>Sistema B&amp;C No Label, perfecto para re-etiquetar<\/li>\n<li>Corte regular.<\/li>\n<\/ul>","protected":false},"excerpt":{"rendered":"<p>280 g\/m\u00b280% algod\u00f3n pre-encogido y ring-spun, 20% Poli\u00e9sterColores Heather: 60% algod\u00f3n, 40% poli\u00e9sterHeather Grey: 92% algod\u00f3n, 8% viscosaSuperficie lisa y uniforme para mejores resultados de impr&#8230;<\/p>","protected":false},"featured_media":413129,"comment_status":"open","ping_status":"closed","template":"","meta":{"_acf_changed":false},"product_brand":[11653],"product_cat":[13974,13975,13973],"product_tag":[],"class_list":{"0":"post-370035","1":"product","2":"type-product","3":"status-publish","4":"has-post-thumbnail","6":"product_brand-b-c","7":"product_cat-ropa-hombre","8":"product_cat-ropa-mujer","9":"product_cat-ropa","10":"tm-no-options","12":"first","13":"instock","14":"taxable","15":"shipping-taxable","16":"product-type-variable"},"acf":[],"_links":{"self":[{"href":"https:\/\/grupotextil.es\/ca\/wp-json\/wp\/v2\/product\/370035","targetHints":{"allow":["GET"]}}],"collection":[{"href":"https:\/\/grupotextil.es\/ca\/wp-json\/wp\/v2\/product"}],"about":[{"href":"https:\/\/grupotextil.es\/ca\/wp-json\/wp\/v2\/types\/product"}],"replies":[{"embeddable":true,"href":"https:\/\/grupotextil.es\/ca\/wp-json\/wp\/v2\/comments?post=370035"}],"wp:featuredmedia":[{"embeddable":true,"href":"https:\/\/grupotextil.es\/ca\/wp-json\/wp\/v2\/media\/413129"}],"wp:attachment":[{"href":"https:\/\/grupotextil.es\/ca\/wp-json\/wp\/v2\/media?parent=370035"}],"wp:term":[{"taxonomy":"product_brand","embeddable":true,"href":"https:\/\/grupotextil.es\/ca\/wp-json\/wp\/v2\/product_brand?post=370035"},{"taxonomy":"product_cat","embeddable":true,"href":"https:\/\/grupotextil.es\/ca\/wp-json\/wp\/v2\/product_cat?post=370035"},{"taxonomy":"product_tag","embeddable":true,"href":"https:\/\/grupotextil.es\/ca\/wp-json\/wp\/v2\/product_tag?post=370035"}],"curies":[{"name":"wp","href":"https:\/\/api.w.org\/{rel}","templated":true}]}}