{"id":370278,"date":"2026-03-08T02:38:45","date_gmt":"2026-03-08T01:38:45","guid":{"rendered":"https:\/\/grupotextil.es\/producto\/inspire-crew-neck\/"},"modified":"2026-03-08T02:38:45","modified_gmt":"2026-03-08T01:38:45","slug":"inspire-crew-neck","status":"publish","type":"product","link":"https:\/\/grupotextil.es\/ca\/product\/inspire-crew-neck\/","title":{"rendered":"Inspire Round Neck"},"content":{"rendered":"<ul>\n<li>280 g\/m\u00b2<\/li>\n<li>80% algod\u00f3n (certificado org\u00e1nico y en conversi\u00f3n, mezcla certificada &#8211; Better Cotton), 20% poli\u00e9ster reciclado<\/li>\n<li>masclado cinza: 71% algod\u00f3n (certificado org\u00e1nico y en conversi\u00f3n, mezcla certificada -Better Cotton) 25% poli\u00e9ster reciclado, 4% viscosa<\/li>\n<li>Tacto muy suave<\/li>\n<li>Superficie lisa y uniforme para mejores resultados de impresi\u00f3n<\/li>\n<li>French Terry: interior sin felpar<\/li>\n<li>Cuello redondo, pu\u00f1os y dobladillo inferior en canal\u00e9<\/li>\n<li>Cuello encintado en espiguilla<\/li>\n<li>Interior Single Jersey y canes\u00fa media luna<\/li>\n<li>Costuras laterales<\/li>\n<li>Sistema B&amp;C No Label, perfecto para re-etiquetar<\/li>\n<li>Unisex<\/li>\n<li>Corte regular<\/li>\n<\/ul>","protected":false},"excerpt":{"rendered":"<p>280 g\/m\u00b280% algod\u00f3n (certificado org\u00e1nico y en conversi\u00f3n, mezcla certificada &#8211; Better Cotton), 20% poli\u00e9ster recicladomasclado cinza: 71% algod\u00f3n (certificado org\u00e1nico y en conversi\u00f3n, mezcla certifi<\/p>","protected":false},"featured_media":413157,"comment_status":"open","ping_status":"closed","template":"","meta":{"_acf_changed":false},"product_brand":[11653],"product_cat":[13974,13975,13973],"product_tag":[14009],"class_list":{"0":"post-370278","1":"product","2":"type-product","3":"status-publish","4":"has-post-thumbnail","6":"product_brand-b-c","7":"product_cat-ropa-hombre","8":"product_cat-ropa-mujer","9":"product_cat-ropa","10":"product_tag-top-ventas","11":"tm-no-options","13":"first","14":"instock","15":"taxable","16":"shipping-taxable","17":"product-type-variable"},"acf":[],"_links":{"self":[{"href":"https:\/\/grupotextil.es\/ca\/wp-json\/wp\/v2\/product\/370278","targetHints":{"allow":["GET"]}}],"collection":[{"href":"https:\/\/grupotextil.es\/ca\/wp-json\/wp\/v2\/product"}],"about":[{"href":"https:\/\/grupotextil.es\/ca\/wp-json\/wp\/v2\/types\/product"}],"replies":[{"embeddable":true,"href":"https:\/\/grupotextil.es\/ca\/wp-json\/wp\/v2\/comments?post=370278"}],"wp:featuredmedia":[{"embeddable":true,"href":"https:\/\/grupotextil.es\/ca\/wp-json\/wp\/v2\/media\/413157"}],"wp:attachment":[{"href":"https:\/\/grupotextil.es\/ca\/wp-json\/wp\/v2\/media?parent=370278"}],"wp:term":[{"taxonomy":"product_brand","embeddable":true,"href":"https:\/\/grupotextil.es\/ca\/wp-json\/wp\/v2\/product_brand?post=370278"},{"taxonomy":"product_cat","embeddable":true,"href":"https:\/\/grupotextil.es\/ca\/wp-json\/wp\/v2\/product_cat?post=370278"},{"taxonomy":"product_tag","embeddable":true,"href":"https:\/\/grupotextil.es\/ca\/wp-json\/wp\/v2\/product_tag?post=370278"}],"curies":[{"name":"wp","href":"https:\/\/api.w.org\/{rel}","templated":true}]}}