{"id":371254,"date":"2026-03-08T02:44:22","date_gmt":"2026-03-08T01:44:22","guid":{"rendered":"https:\/\/grupotextil.es\/producto\/sudadera-con-capucha-sin-etiqueta-signature-unisex\/"},"modified":"2026-03-08T02:44:22","modified_gmt":"2026-03-08T01:44:22","slug":"sudadera-con-capucha-sin-etiqueta-signature-unisex","status":"publish","type":"product","link":"https:\/\/grupotextil.es\/ca\/product\/sudadera-con-capucha-sin-etiqueta-signature-unisex\/","title":{"rendered":"Sudadera con capucha sin etiqueta Signature unisex"},"content":{"rendered":"<ul>\n<li>300 g\/m\u00b2<\/li>\n<li>80% Algod\u00f3n peinado ringspun, 20% Poli\u00e9ster (Reciclado)<\/li>\n<li>Light Oxford: 73% algod\u00f3n, 20% poli\u00e9ster (reciclado), 7% viscosa<\/li>\n<li>Exterior 100% algod\u00f3n para una mejor impresi\u00f3n y un tacto m\u00e1s suave<\/li>\n<li>Tejido de bajo encogimiento suave al tacto<\/li>\n<li>Interior felpado antibolitas<\/li>\n<li>Capucha de 3 paneles con forro tejido Jersey en color a juego con cordones planos gruesos<\/li>\n<li>Ojales de tela reciclada y extremos de los cordones de lat\u00f3n envejecido<\/li>\n<li>Cinta en el cuello contrastada (Light Oxford para Snowwhite, Ash Grey para resto colores)<\/li>\n<li>Costuras planas en capucha, bolsillos, hombros y dobladillo inferior<\/li>\n<li>Bajo y pu\u00f1os acanalados<\/li>\n<li>Presillas en la abertura del bolsillo superior e inferior para una mejor resistencia<\/li>\n<li>Costuras laterales<\/li>\n<li>Acceso en la espalda para el marcaje<\/li>\n<li>Sin etiquetas (etiqueta de talla descentrada en el cuello)<\/li>\n<\/ul>","protected":false},"excerpt":{"rendered":"<p>300 g\/m\u00b280% Algod\u00f3n peinado ringspun, 20% Poli\u00e9ster (Reciclado)Light Oxford: 73% algod\u00f3n, 20% poli\u00e9ster (reciclado), 7% viscosaExterior 100% algod\u00f3n para una mejor impresi\u00f3n y un tacto m\u00e1s suaveTejido<\/p>","protected":false},"featured_media":413376,"comment_status":"open","ping_status":"closed","template":"","meta":{"_acf_changed":false},"product_brand":[11676],"product_cat":[13974,13975,13973,13980,13989],"product_tag":[],"class_list":{"0":"post-371254","1":"product","2":"type-product","3":"status-publish","4":"has-post-thumbnail","6":"product_brand-sg","7":"product_cat-ropa-hombre","8":"product_cat-ropa-mujer","9":"product_cat-ropa","10":"product_cat-h-sudaderas","11":"product_cat-m-sudaderas","12":"tm-no-options","14":"first","15":"instock","16":"taxable","17":"shipping-taxable","18":"product-type-variable"},"acf":[],"_links":{"self":[{"href":"https:\/\/grupotextil.es\/ca\/wp-json\/wp\/v2\/product\/371254","targetHints":{"allow":["GET"]}}],"collection":[{"href":"https:\/\/grupotextil.es\/ca\/wp-json\/wp\/v2\/product"}],"about":[{"href":"https:\/\/grupotextil.es\/ca\/wp-json\/wp\/v2\/types\/product"}],"replies":[{"embeddable":true,"href":"https:\/\/grupotextil.es\/ca\/wp-json\/wp\/v2\/comments?post=371254"}],"wp:featuredmedia":[{"embeddable":true,"href":"https:\/\/grupotextil.es\/ca\/wp-json\/wp\/v2\/media\/413376"}],"wp:attachment":[{"href":"https:\/\/grupotextil.es\/ca\/wp-json\/wp\/v2\/media?parent=371254"}],"wp:term":[{"taxonomy":"product_brand","embeddable":true,"href":"https:\/\/grupotextil.es\/ca\/wp-json\/wp\/v2\/product_brand?post=371254"},{"taxonomy":"product_cat","embeddable":true,"href":"https:\/\/grupotextil.es\/ca\/wp-json\/wp\/v2\/product_cat?post=371254"},{"taxonomy":"product_tag","embeddable":true,"href":"https:\/\/grupotextil.es\/ca\/wp-json\/wp\/v2\/product_tag?post=371254"}],"curies":[{"name":"wp","href":"https:\/\/api.w.org\/{rel}","templated":true}]}}