{"id":371504,"date":"2026-03-08T02:46:22","date_gmt":"2026-03-08T01:46:22","guid":{"rendered":"https:\/\/grupotextil.es\/producto\/sudadera-unisex\/"},"modified":"2026-03-08T02:46:22","modified_gmt":"2026-03-08T01:46:22","slug":"sudadera-unisex","status":"publish","type":"product","link":"https:\/\/grupotextil.es\/ca\/product\/sudadera-unisex\/","title":{"rendered":"Sweatshirt Unisex"},"content":{"rendered":"<ul>\n<li>280 g\/m\u00b2<\/li>\n<li>50% Algod\u00f3n, 50% Poli\u00e9ster<\/li>\n<li>Heather Grey: 78% algod\u00f3n, 22% poli\u00e9ster<\/li>\n<li>Cuello encintado<\/li>\n<li>Cuello, dobladillo y pu\u00f1os en canal\u00e9<\/li>\n<li>Costura a doble aguja<\/li>\n<li>Costuras laterales<\/li>\n<li>Prenda sin etiquetas, etiqueta de la talla descentrada en el cuello<\/li>\n<li>Lavable a 60 \u00b0 C<\/li>\n<\/ul>","protected":false},"excerpt":{"rendered":"<p>280 g\/m\u00b250% Algod\u00f3n, 50% Poli\u00e9sterHeather Grey: 78% algod\u00f3n, 22% poli\u00e9sterCuello encintadoCuello, dobladillo y pu\u00f1os en canal\u00e9Costura a doble agujaCosturas lateralesPrenda sin etiquetas, etiqueta de l<\/p>","protected":false},"featured_media":413442,"comment_status":"open","ping_status":"closed","template":"","meta":{"_acf_changed":false},"product_brand":[11676],"product_cat":[13974,13975,13973,13980,13989],"product_tag":[],"class_list":{"0":"post-371504","1":"product","2":"type-product","3":"status-publish","4":"has-post-thumbnail","6":"product_brand-sg","7":"product_cat-ropa-hombre","8":"product_cat-ropa-mujer","9":"product_cat-ropa","10":"product_cat-h-sudaderas","11":"product_cat-m-sudaderas","12":"tm-no-options","14":"first","15":"instock","16":"taxable","17":"shipping-taxable","18":"product-type-variable"},"acf":[],"_links":{"self":[{"href":"https:\/\/grupotextil.es\/ca\/wp-json\/wp\/v2\/product\/371504","targetHints":{"allow":["GET"]}}],"collection":[{"href":"https:\/\/grupotextil.es\/ca\/wp-json\/wp\/v2\/product"}],"about":[{"href":"https:\/\/grupotextil.es\/ca\/wp-json\/wp\/v2\/types\/product"}],"replies":[{"embeddable":true,"href":"https:\/\/grupotextil.es\/ca\/wp-json\/wp\/v2\/comments?post=371504"}],"wp:featuredmedia":[{"embeddable":true,"href":"https:\/\/grupotextil.es\/ca\/wp-json\/wp\/v2\/media\/413442"}],"wp:attachment":[{"href":"https:\/\/grupotextil.es\/ca\/wp-json\/wp\/v2\/media?parent=371504"}],"wp:term":[{"taxonomy":"product_brand","embeddable":true,"href":"https:\/\/grupotextil.es\/ca\/wp-json\/wp\/v2\/product_brand?post=371504"},{"taxonomy":"product_cat","embeddable":true,"href":"https:\/\/grupotextil.es\/ca\/wp-json\/wp\/v2\/product_cat?post=371504"},{"taxonomy":"product_tag","embeddable":true,"href":"https:\/\/grupotextil.es\/ca\/wp-json\/wp\/v2\/product_tag?post=371504"}],"curies":[{"name":"wp","href":"https:\/\/api.w.org\/{rel}","templated":true}]}}