{"id":371671,"date":"2026-03-08T02:48:51","date_gmt":"2026-03-08T01:48:51","guid":{"rendered":"https:\/\/grupotextil.es\/producto\/sudadera-manga-raglan-unisex\/"},"modified":"2026-03-08T02:48:51","modified_gmt":"2026-03-08T01:48:51","slug":"sudadera-manga-raglan-unisex","status":"publish","type":"product","link":"https:\/\/grupotextil.es\/ca\/product\/sudadera-manga-raglan-unisex\/","title":{"rendered":"Sweatshirt manga ragl\u00e1n Unisex"},"content":{"rendered":"<ul>\n<li>295 g\/m\u00b2<\/li>\n<li>50% algod\u00f3n ring-spun, 50% poli\u00e9ster (Light Oxford: 47% algod\u00f3n, 53% poli\u00e9ster)<\/li>\n<li>Cuello acabado con ribete de espiguilla<\/li>\n<li>Manga ragl\u00e1n<\/li>\n<li>Tejido tubular<\/li>\n<\/ul>","protected":false},"excerpt":{"rendered":"<p>295 g\/m\u00b250% algod\u00f3n ring-spun, 50% poli\u00e9ster (Light Oxford: 47% algod\u00f3n, 53% poli\u00e9ster)Cuello acabado con ribete de espiguillaManga ragl\u00e1nTejido tubular<\/p>","protected":false},"featured_media":413461,"comment_status":"open","ping_status":"closed","template":"","meta":{"_acf_changed":false},"product_brand":[11670],"product_cat":[13974,13975,13973,13980,13989],"product_tag":[],"class_list":{"0":"post-371671","1":"product","2":"type-product","3":"status-publish","4":"has-post-thumbnail","6":"product_brand-russell-europe","7":"product_cat-ropa-hombre","8":"product_cat-ropa-mujer","9":"product_cat-ropa","10":"product_cat-h-sudaderas","11":"product_cat-m-sudaderas","12":"tm-no-options","14":"first","15":"instock","16":"taxable","17":"shipping-taxable","18":"product-type-variable"},"acf":[],"_links":{"self":[{"href":"https:\/\/grupotextil.es\/ca\/wp-json\/wp\/v2\/product\/371671","targetHints":{"allow":["GET"]}}],"collection":[{"href":"https:\/\/grupotextil.es\/ca\/wp-json\/wp\/v2\/product"}],"about":[{"href":"https:\/\/grupotextil.es\/ca\/wp-json\/wp\/v2\/types\/product"}],"replies":[{"embeddable":true,"href":"https:\/\/grupotextil.es\/ca\/wp-json\/wp\/v2\/comments?post=371671"}],"wp:featuredmedia":[{"embeddable":true,"href":"https:\/\/grupotextil.es\/ca\/wp-json\/wp\/v2\/media\/413461"}],"wp:attachment":[{"href":"https:\/\/grupotextil.es\/ca\/wp-json\/wp\/v2\/media?parent=371671"}],"wp:term":[{"taxonomy":"product_brand","embeddable":true,"href":"https:\/\/grupotextil.es\/ca\/wp-json\/wp\/v2\/product_brand?post=371671"},{"taxonomy":"product_cat","embeddable":true,"href":"https:\/\/grupotextil.es\/ca\/wp-json\/wp\/v2\/product_cat?post=371671"},{"taxonomy":"product_tag","embeddable":true,"href":"https:\/\/grupotextil.es\/ca\/wp-json\/wp\/v2\/product_tag?post=371671"}],"curies":[{"name":"wp","href":"https:\/\/api.w.org\/{rel}","templated":true}]}}