{"id":371827,"date":"2026-03-08T02:49:13","date_gmt":"2026-03-08T01:49:13","guid":{"rendered":"https:\/\/grupotextil.es\/producto\/sudadera-con-capucha-id-333\/"},"modified":"2026-03-08T02:49:13","modified_gmt":"2026-03-08T01:49:13","slug":"sudadera-con-capucha-id-333","status":"publish","type":"product","link":"https:\/\/grupotextil.es\/ca\/product\/sudadera-con-capucha-id-333\/","title":{"rendered":"Hoodie ID.333"},"content":{"rendered":"<ul>\n<li>280 g\/m\u00b2<\/li>\n<li>80 % algod\u00f3n (invirtiendo en Better Cotton), 20 % poli\u00e9ster (reciclado) &#8211; certificado RCS<\/li>\n<li>Estilo verdaderamente neutral en cuanto al g\u00e9nero con costuras laterales.<\/li>\n<li>Ajuste relajado cl\u00e1sico y moderno para todas las ocasiones.<\/li>\n<li>Cara 100% algod\u00f3n con excelente capacidad de impresi\u00f3n y tacto.<\/li>\n<li>Las mangas ajustadas con hombros ligeramente ca\u00eddos mejoran la movilidad.<\/li>\n<li>Capucha forrada de jersey sencillo dise\u00f1ada por expertos para un ajuste perfecto<\/li>\n<li>Bolsillo de canguro, pensado y fabricado para la comodidad de las manos y un almacenamiento seguro<\/li>\n<li>Pu\u00f1os y dobladillo inferior cl\u00e1sicos en canal\u00e9 1&#215;1 con elastano.<\/li>\n<li>Sin etiqueta, f\u00e1cil de rebrandear<\/li>\n<\/ul>","protected":false},"excerpt":{"rendered":"<p>280 g\/m\u00b280 % algod\u00f3n (invirtiendo en Better Cotton), 20 % poli\u00e9ster (reciclado) &#8211; certificado RCSEstilo verdaderamente neutral en cuanto al g\u00e9nero con costuras laterales.<\/p>","protected":false},"featured_media":413506,"comment_status":"open","ping_status":"closed","template":"","meta":{"_acf_changed":false},"product_brand":[11653],"product_cat":[13974,13975,13973,13980,13989],"product_tag":[],"class_list":{"0":"post-371827","1":"product","2":"type-product","3":"status-publish","4":"has-post-thumbnail","6":"product_brand-b-c","7":"product_cat-ropa-hombre","8":"product_cat-ropa-mujer","9":"product_cat-ropa","10":"product_cat-h-sudaderas","11":"product_cat-m-sudaderas","12":"tm-no-options","14":"first","15":"instock","16":"taxable","17":"shipping-taxable","18":"product-type-variable"},"acf":[],"_links":{"self":[{"href":"https:\/\/grupotextil.es\/ca\/wp-json\/wp\/v2\/product\/371827","targetHints":{"allow":["GET"]}}],"collection":[{"href":"https:\/\/grupotextil.es\/ca\/wp-json\/wp\/v2\/product"}],"about":[{"href":"https:\/\/grupotextil.es\/ca\/wp-json\/wp\/v2\/types\/product"}],"replies":[{"embeddable":true,"href":"https:\/\/grupotextil.es\/ca\/wp-json\/wp\/v2\/comments?post=371827"}],"wp:featuredmedia":[{"embeddable":true,"href":"https:\/\/grupotextil.es\/ca\/wp-json\/wp\/v2\/media\/413506"}],"wp:attachment":[{"href":"https:\/\/grupotextil.es\/ca\/wp-json\/wp\/v2\/media?parent=371827"}],"wp:term":[{"taxonomy":"product_brand","embeddable":true,"href":"https:\/\/grupotextil.es\/ca\/wp-json\/wp\/v2\/product_brand?post=371827"},{"taxonomy":"product_cat","embeddable":true,"href":"https:\/\/grupotextil.es\/ca\/wp-json\/wp\/v2\/product_cat?post=371827"},{"taxonomy":"product_tag","embeddable":true,"href":"https:\/\/grupotextil.es\/ca\/wp-json\/wp\/v2\/product_tag?post=371827"}],"curies":[{"name":"wp","href":"https:\/\/api.w.org\/{rel}","templated":true}]}}