{"id":371992,"date":"2026-03-08T02:51:45","date_gmt":"2026-03-08T01:51:45","guid":{"rendered":"https:\/\/grupotextil.es\/producto\/sweatshirt-select\/"},"modified":"2026-03-08T02:51:45","modified_gmt":"2026-03-08T01:51:45","slug":"sweatshirt-select","status":"publish","type":"product","link":"https:\/\/grupotextil.es\/ca\/product\/sweatshirt-select\/","title":{"rendered":"Sweatshirt Select"},"content":{"rendered":"<ul>\n<li>280 g\/m\u00b2<\/li>\n<li>80% algod\u00f3n ring-spun, 20% poli\u00e9ster<\/li>\n<li>Grey Heather: 70% algod\u00f3n, 30% poli\u00e9ster<\/li>\n<li>Interior perchado<\/li>\n<li>Cuello con elastano<\/li>\n<li>Paneles laterales<\/li>\n<li>Costuras planas<\/li>\n<li>Corte normal<\/li>\n<\/ul>","protected":false},"excerpt":{"rendered":"<p>280 g\/m\u00b280% algod\u00f3n ring-spun, 20% poli\u00e9sterGrey Heather: 70% algod\u00f3n, 30% poli\u00e9sterInterior perchadoCuello con elastanoPaneles lateralesCosturas planasCorte normal<\/p>","protected":false},"featured_media":413524,"comment_status":"open","ping_status":"closed","template":"","meta":{"_acf_changed":false},"product_brand":[11658],"product_cat":[13974,13975,13973,13980,13989],"product_tag":[],"class_list":{"0":"post-371992","1":"product","2":"type-product","3":"status-publish","4":"has-post-thumbnail","6":"product_brand-stedman","7":"product_cat-ropa-hombre","8":"product_cat-ropa-mujer","9":"product_cat-ropa","10":"product_cat-h-sudaderas","11":"product_cat-m-sudaderas","12":"tm-no-options","14":"first","15":"instock","16":"taxable","17":"shipping-taxable","18":"product-type-variable"},"acf":[],"_links":{"self":[{"href":"https:\/\/grupotextil.es\/ca\/wp-json\/wp\/v2\/product\/371992","targetHints":{"allow":["GET"]}}],"collection":[{"href":"https:\/\/grupotextil.es\/ca\/wp-json\/wp\/v2\/product"}],"about":[{"href":"https:\/\/grupotextil.es\/ca\/wp-json\/wp\/v2\/types\/product"}],"replies":[{"embeddable":true,"href":"https:\/\/grupotextil.es\/ca\/wp-json\/wp\/v2\/comments?post=371992"}],"wp:featuredmedia":[{"embeddable":true,"href":"https:\/\/grupotextil.es\/ca\/wp-json\/wp\/v2\/media\/413524"}],"wp:attachment":[{"href":"https:\/\/grupotextil.es\/ca\/wp-json\/wp\/v2\/media?parent=371992"}],"wp:term":[{"taxonomy":"product_brand","embeddable":true,"href":"https:\/\/grupotextil.es\/ca\/wp-json\/wp\/v2\/product_brand?post=371992"},{"taxonomy":"product_cat","embeddable":true,"href":"https:\/\/grupotextil.es\/ca\/wp-json\/wp\/v2\/product_cat?post=371992"},{"taxonomy":"product_tag","embeddable":true,"href":"https:\/\/grupotextil.es\/ca\/wp-json\/wp\/v2\/product_tag?post=371992"}],"curies":[{"name":"wp","href":"https:\/\/api.w.org\/{rel}","templated":true}]}}