{"id":372002,"date":"2026-03-08T02:51:45","date_gmt":"2026-03-08T01:51:45","guid":{"rendered":"https:\/\/grupotextil.es\/producto\/sudadera-heavy-blend\/"},"modified":"2026-03-08T02:51:45","modified_gmt":"2026-03-08T01:51:45","slug":"sudadera-heavy-blend","status":"publish","type":"product","link":"https:\/\/grupotextil.es\/ca\/product\/sudadera-heavy-blend\/","title":{"rendered":"Sweatshirt Heavy Blend"},"content":{"rendered":"<ul>\n<li>280 g\/m\u00b2 (White: 255 g\/m\u00b2)<\/li>\n<li>50% algod\u00f3n, 50% poli\u00e9ster<\/li>\n<li>Heather Sport colores: 60% poli\u00e9ster, 40% algod\u00f3n<\/li>\n<li>hilo open end<\/li>\n<li>Cuello redondo<\/li>\n<li>Manga montada<\/li>\n<li>Bajo de manga y dobladillo inferior en canal\u00e9 el\u00e1stico<\/li>\n<li>Puntadas a doble aguja<\/li>\n<li>Tejido tubular<\/li>\n<\/ul>","protected":false},"excerpt":{"rendered":"<p>280 g\/m\u00b2 (White: 255 g\/m\u00b2)50% algod\u00f3n, 50% poli\u00e9sterHeather Sport colores: 60% poli\u00e9ster, 40% algod\u00f3nhilo open endCuello redondoManga montadaBajo de manga y dobladillo inferior en canal\u00e9 el\u00e1sticoPunta<\/p>","protected":false},"featured_media":413534,"comment_status":"open","ping_status":"closed","template":"","meta":{"_acf_changed":false},"product_brand":[11666],"product_cat":[13974,13975,13973,13980,13989],"product_tag":[14009],"class_list":{"0":"post-372002","1":"product","2":"type-product","3":"status-publish","4":"has-post-thumbnail","6":"product_brand-gildan","7":"product_cat-ropa-hombre","8":"product_cat-ropa-mujer","9":"product_cat-ropa","10":"product_cat-h-sudaderas","11":"product_cat-m-sudaderas","12":"product_tag-top-ventas","13":"tm-no-options","15":"first","16":"instock","17":"taxable","18":"shipping-taxable","19":"product-type-variable"},"acf":[],"_links":{"self":[{"href":"https:\/\/grupotextil.es\/ca\/wp-json\/wp\/v2\/product\/372002","targetHints":{"allow":["GET"]}}],"collection":[{"href":"https:\/\/grupotextil.es\/ca\/wp-json\/wp\/v2\/product"}],"about":[{"href":"https:\/\/grupotextil.es\/ca\/wp-json\/wp\/v2\/types\/product"}],"replies":[{"embeddable":true,"href":"https:\/\/grupotextil.es\/ca\/wp-json\/wp\/v2\/comments?post=372002"}],"wp:featuredmedia":[{"embeddable":true,"href":"https:\/\/grupotextil.es\/ca\/wp-json\/wp\/v2\/media\/413534"}],"wp:attachment":[{"href":"https:\/\/grupotextil.es\/ca\/wp-json\/wp\/v2\/media?parent=372002"}],"wp:term":[{"taxonomy":"product_brand","embeddable":true,"href":"https:\/\/grupotextil.es\/ca\/wp-json\/wp\/v2\/product_brand?post=372002"},{"taxonomy":"product_cat","embeddable":true,"href":"https:\/\/grupotextil.es\/ca\/wp-json\/wp\/v2\/product_cat?post=372002"},{"taxonomy":"product_tag","embeddable":true,"href":"https:\/\/grupotextil.es\/ca\/wp-json\/wp\/v2\/product_tag?post=372002"}],"curies":[{"name":"wp","href":"https:\/\/api.w.org\/{rel}","templated":true}]}}