{"id":372220,"date":"2026-03-08T02:52:41","date_gmt":"2026-03-08T01:52:41","guid":{"rendered":"https:\/\/grupotextil.es\/producto\/sudadera-authentic-con-capucha-nino-a\/"},"modified":"2026-03-08T02:52:41","modified_gmt":"2026-03-08T01:52:41","slug":"sudadera-authentic-con-capucha-nino-a","status":"publish","type":"product","link":"https:\/\/grupotextil.es\/ca\/product\/sudadera-authentic-con-capucha-nino-a\/","title":{"rendered":"Sudadera Authentic con capucha ni\u00f1o\/a"},"content":{"rendered":"<ul>\n<li>280 g\/m\u00b2<\/li>\n<li>80% algod\u00f3n peinado y ringspun, 20% poli\u00e9ster (tejido de 3 capas)<\/li>\n<li>Superf\u00edcie de impresi\u00f3n plana 100% algod\u00f3n<\/li>\n<li>Interior perchado<\/li>\n<li>Capucha de doble capa (sin cordones)<\/li>\n<li>Cuello encintado en espiguilla<\/li>\n<li>Bolsillo canguro<\/li>\n<li>Pu\u00f1os y dobladillo inferior en canal\u00e9 1&#215;1<\/li>\n<li>Dobladillo y pu\u00f1os m\u00e1s anchos<\/li>\n<\/ul>","protected":false},"excerpt":{"rendered":"<p>280 g\/m\u00b280% algod\u00f3n peinado y ringspun, 20% poli\u00e9ster (tejido de 3 capas)Superf\u00edcie de impresi\u00f3n plana 100% algod\u00f3nInterior perchadoCapucha de doble capa (sin cordones)Cuello encintado en espiguillaBo<\/p>","protected":false},"featured_media":413555,"comment_status":"open","ping_status":"closed","template":"","meta":{"_acf_changed":false},"product_brand":[11670],"product_cat":[13974,13975,13973,13980,13989],"product_tag":[],"class_list":{"0":"post-372220","1":"product","2":"type-product","3":"status-publish","4":"has-post-thumbnail","6":"product_brand-russell-europe","7":"product_cat-ropa-hombre","8":"product_cat-ropa-mujer","9":"product_cat-ropa","10":"product_cat-h-sudaderas","11":"product_cat-m-sudaderas","12":"tm-no-options","14":"first","15":"instock","16":"taxable","17":"shipping-taxable","18":"product-type-variable"},"acf":[],"_links":{"self":[{"href":"https:\/\/grupotextil.es\/ca\/wp-json\/wp\/v2\/product\/372220","targetHints":{"allow":["GET"]}}],"collection":[{"href":"https:\/\/grupotextil.es\/ca\/wp-json\/wp\/v2\/product"}],"about":[{"href":"https:\/\/grupotextil.es\/ca\/wp-json\/wp\/v2\/types\/product"}],"replies":[{"embeddable":true,"href":"https:\/\/grupotextil.es\/ca\/wp-json\/wp\/v2\/comments?post=372220"}],"wp:featuredmedia":[{"embeddable":true,"href":"https:\/\/grupotextil.es\/ca\/wp-json\/wp\/v2\/media\/413555"}],"wp:attachment":[{"href":"https:\/\/grupotextil.es\/ca\/wp-json\/wp\/v2\/media?parent=372220"}],"wp:term":[{"taxonomy":"product_brand","embeddable":true,"href":"https:\/\/grupotextil.es\/ca\/wp-json\/wp\/v2\/product_brand?post=372220"},{"taxonomy":"product_cat","embeddable":true,"href":"https:\/\/grupotextil.es\/ca\/wp-json\/wp\/v2\/product_cat?post=372220"},{"taxonomy":"product_tag","embeddable":true,"href":"https:\/\/grupotextil.es\/ca\/wp-json\/wp\/v2\/product_tag?post=372220"}],"curies":[{"name":"wp","href":"https:\/\/api.w.org\/{rel}","templated":true}]}}