{"id":372257,"date":"2026-03-08T02:52:43","date_gmt":"2026-03-08T01:52:43","guid":{"rendered":"https:\/\/grupotextil.es\/producto\/sudadera-iconic-premium-con-mangas-montadas\/"},"modified":"2026-03-08T02:52:43","modified_gmt":"2026-03-08T01:52:43","slug":"sudadera-iconic-premium-con-mangas-montadas","status":"publish","type":"product","link":"https:\/\/grupotextil.es\/ca\/product\/sudadera-iconic-premium-con-mangas-montadas\/","title":{"rendered":"Sweatshirt Iconic Premium con mangas montadas"},"content":{"rendered":"<ul>\n<li>300 g\/m\u00b2<\/li>\n<li>70 % algod\u00f3n peinado ring-spun, 30 % poli\u00e9ster (fabricado con fibras CiCLO\u00ae)<\/li>\n<li>(Jaspeado atl\u00e9tico: 67 % algod\u00f3n peinado ring-spun, 33 % poli\u00e9ster)<\/li>\n<li>Corte cl\u00e1sico<\/li>\n<li>Cuello redondo con ribete el\u00e1stico en el cuello<\/li>\n<li>Superficie de algod\u00f3n suave para mejores resultados de personalizaci\u00f3n<\/li>\n<li>Forro polar interior cepillado<\/li>\n<li>Pu\u00f1os y dobladillo en canal\u00e9 1&#215;1 con licra<\/li>\n<li>Etiqueta extra\u00edble.<\/li>\n<\/ul>","protected":false},"excerpt":{"rendered":"<p>300 g\/m\u00b270 % algod\u00f3n peinado ring-spun, 30 % poli\u00e9ster (fabricado con fibras CiCLO\u00ae)(Jaspeado atl\u00e9tico: 67 % algod\u00f3n peinado ring-spun, 33 % poli\u00e9ster)Corte cl\u00e1sicoCuello redondo con ribete el\u00e1stic&#8230;<\/p>","protected":false},"featured_media":413584,"comment_status":"open","ping_status":"closed","template":"","meta":{"_acf_changed":false},"product_brand":[11665],"product_cat":[13974,13975,13973,13980,13989],"product_tag":[14010],"class_list":{"0":"post-372257","1":"product","2":"type-product","3":"status-publish","4":"has-post-thumbnail","6":"product_brand-fruit-of-the-loom","7":"product_cat-ropa-hombre","8":"product_cat-ropa-mujer","9":"product_cat-ropa","10":"product_cat-h-sudaderas","11":"product_cat-m-sudaderas","12":"product_tag-nuevo-2026","13":"tm-no-options","15":"first","16":"instock","17":"taxable","18":"shipping-taxable","19":"product-type-variable"},"acf":[],"_links":{"self":[{"href":"https:\/\/grupotextil.es\/ca\/wp-json\/wp\/v2\/product\/372257","targetHints":{"allow":["GET"]}}],"collection":[{"href":"https:\/\/grupotextil.es\/ca\/wp-json\/wp\/v2\/product"}],"about":[{"href":"https:\/\/grupotextil.es\/ca\/wp-json\/wp\/v2\/types\/product"}],"replies":[{"embeddable":true,"href":"https:\/\/grupotextil.es\/ca\/wp-json\/wp\/v2\/comments?post=372257"}],"wp:featuredmedia":[{"embeddable":true,"href":"https:\/\/grupotextil.es\/ca\/wp-json\/wp\/v2\/media\/413584"}],"wp:attachment":[{"href":"https:\/\/grupotextil.es\/ca\/wp-json\/wp\/v2\/media?parent=372257"}],"wp:term":[{"taxonomy":"product_brand","embeddable":true,"href":"https:\/\/grupotextil.es\/ca\/wp-json\/wp\/v2\/product_brand?post=372257"},{"taxonomy":"product_cat","embeddable":true,"href":"https:\/\/grupotextil.es\/ca\/wp-json\/wp\/v2\/product_cat?post=372257"},{"taxonomy":"product_tag","embeddable":true,"href":"https:\/\/grupotextil.es\/ca\/wp-json\/wp\/v2\/product_tag?post=372257"}],"curies":[{"name":"wp","href":"https:\/\/api.w.org\/{rel}","templated":true}]}}