{"id":372628,"date":"2026-03-08T02:59:13","date_gmt":"2026-03-08T01:59:13","guid":{"rendered":"https:\/\/grupotextil.es\/producto\/mens-boxy-hoodie\/"},"modified":"2026-03-08T02:59:13","modified_gmt":"2026-03-08T01:59:13","slug":"mens-boxy-hoodie","status":"publish","type":"product","link":"https:\/\/grupotextil.es\/ca\/product\/mens-boxy-hoodie\/","title":{"rendered":"Mens Boxy Hoodie"},"content":{"rendered":"<ul>\n<li>370 g\/m\u00b2<\/li>\n<li>87% algod\u00f3n org\u00e1nico, 13% poli\u00e9ster reciclado<\/li>\n<li>Estilo del Grupo H&amp;M<\/li>\n<li>Puntada de aguja simple en el cuello<\/li>\n<li>Capucha<\/li>\n<li>Costilla en las mangas y dobladillo inferior<\/li>\n<li>Puntada cruzada en la sisa, puntada con aguja doble en el bolsillo<\/li>\n<li>Costura plana en la abertura del bolsillo y en la capucha trasera<\/li>\n<li>Costura de hombro con puntada de cadena<\/li>\n<li>Cinta para el interior del cuello<\/li>\n<li>Costilla 1X1<\/li>\n<li>Capucha de tela doble<\/li>\n<li>Bolsillo canguro<\/li>\n<li>Cordones redondos<\/li>\n<li>Parche de media luna en la espalda<\/li>\n<li>Sensaci\u00f3n en la mano: Peso pesado y seco<\/li>\n<\/ul>","protected":false},"excerpt":{"rendered":"<p>370 g\/m\u00b287% algod\u00f3n org\u00e1nico, 13% poli\u00e9ster recicladoEstilo del Grupo H&#038;MPuntada de aguja simple en el cuelloCapuchaCostilla en las mangas y dobladillo inferiorPuntada cruzada en la sisa, puntada con<\/p>","protected":false},"featured_media":413729,"comment_status":"open","ping_status":"closed","template":"","meta":{"_acf_changed":false},"product_brand":[11661],"product_cat":[13973],"product_tag":[],"class_list":{"0":"post-372628","1":"product","2":"type-product","3":"status-publish","4":"has-post-thumbnail","6":"product_brand-true-blanks","7":"product_cat-ropa","8":"tm-no-options","10":"first","11":"instock","12":"taxable","13":"shipping-taxable","14":"product-type-variable"},"acf":[],"_links":{"self":[{"href":"https:\/\/grupotextil.es\/ca\/wp-json\/wp\/v2\/product\/372628","targetHints":{"allow":["GET"]}}],"collection":[{"href":"https:\/\/grupotextil.es\/ca\/wp-json\/wp\/v2\/product"}],"about":[{"href":"https:\/\/grupotextil.es\/ca\/wp-json\/wp\/v2\/types\/product"}],"replies":[{"embeddable":true,"href":"https:\/\/grupotextil.es\/ca\/wp-json\/wp\/v2\/comments?post=372628"}],"wp:featuredmedia":[{"embeddable":true,"href":"https:\/\/grupotextil.es\/ca\/wp-json\/wp\/v2\/media\/413729"}],"wp:attachment":[{"href":"https:\/\/grupotextil.es\/ca\/wp-json\/wp\/v2\/media?parent=372628"}],"wp:term":[{"taxonomy":"product_brand","embeddable":true,"href":"https:\/\/grupotextil.es\/ca\/wp-json\/wp\/v2\/product_brand?post=372628"},{"taxonomy":"product_cat","embeddable":true,"href":"https:\/\/grupotextil.es\/ca\/wp-json\/wp\/v2\/product_cat?post=372628"},{"taxonomy":"product_tag","embeddable":true,"href":"https:\/\/grupotextil.es\/ca\/wp-json\/wp\/v2\/product_tag?post=372628"}],"curies":[{"name":"wp","href":"https:\/\/api.w.org\/{rel}","templated":true}]}}