{"id":372816,"date":"2026-03-08T03:00:05","date_gmt":"2026-03-08T02:00:05","guid":{"rendered":"https:\/\/grupotextil.es\/producto\/chaqueta-tipo-sudadera-iconic-premium\/"},"modified":"2026-03-08T03:00:05","modified_gmt":"2026-03-08T02:00:05","slug":"chaqueta-tipo-sudadera-iconic-premium","status":"publish","type":"product","link":"https:\/\/grupotextil.es\/ca\/product\/chaqueta-tipo-sudadera-iconic-premium\/","title":{"rendered":"Jacket tipo sudadera Iconic Premium"},"content":{"rendered":"<ul>\n<li>300 g\/m\u00b2<\/li>\n<li>70 % algod\u00f3n peinado ring-spun, 30 % poli\u00e9ster (fabricado con fibras CiCLO\u00ae)<\/li>\n<li>(Jaspeado atl\u00e9tico: 67 % algod\u00f3n peinado ring-spun, 33 % poli\u00e9ster)<\/li>\n<li>Corte cl\u00e1sico<\/li>\n<li>Cuello cadete<\/li>\n<li>Cremallera met\u00e1lica cubierta para una mejor impresi\u00f3n<\/li>\n<li>Dos bolsillos frontales<\/li>\n<li>Superficie de algod\u00f3n suave para mejores resultados de personalizaci\u00f3n<\/li>\n<li>Forro polar interior cepillado<\/li>\n<li>Pu\u00f1os y dobladillo en canal\u00e9 1&#215;1 con licra<\/li>\n<li>Etiqueta extra\u00edble.<\/li>\n<\/ul>","protected":false},"excerpt":{"rendered":"<p>300 g\/m\u00b270 % algod\u00f3n peinado ring-spun, 30 % poli\u00e9ster (fabricado con fibras CiCLO\u00ae)(Jaspeado atl\u00e9tico: 67 % algod\u00f3n peinado ring-spun, 33 % poli\u00e9ster)Corte cl\u00e1sicoCuello cadeteCremallera met\u00e1lica &#8230;<\/p>","protected":false},"featured_media":413791,"comment_status":"open","ping_status":"closed","template":"","meta":{"_acf_changed":false},"product_brand":[11665],"product_cat":[13973],"product_tag":[14010],"class_list":{"0":"post-372816","1":"product","2":"type-product","3":"status-publish","4":"has-post-thumbnail","6":"product_brand-fruit-of-the-loom","7":"product_cat-ropa","8":"product_tag-nuevo-2026","9":"tm-no-options","11":"first","12":"instock","13":"taxable","14":"shipping-taxable","15":"product-type-variable"},"acf":[],"_links":{"self":[{"href":"https:\/\/grupotextil.es\/ca\/wp-json\/wp\/v2\/product\/372816","targetHints":{"allow":["GET"]}}],"collection":[{"href":"https:\/\/grupotextil.es\/ca\/wp-json\/wp\/v2\/product"}],"about":[{"href":"https:\/\/grupotextil.es\/ca\/wp-json\/wp\/v2\/types\/product"}],"replies":[{"embeddable":true,"href":"https:\/\/grupotextil.es\/ca\/wp-json\/wp\/v2\/comments?post=372816"}],"wp:featuredmedia":[{"embeddable":true,"href":"https:\/\/grupotextil.es\/ca\/wp-json\/wp\/v2\/media\/413791"}],"wp:attachment":[{"href":"https:\/\/grupotextil.es\/ca\/wp-json\/wp\/v2\/media?parent=372816"}],"wp:term":[{"taxonomy":"product_brand","embeddable":true,"href":"https:\/\/grupotextil.es\/ca\/wp-json\/wp\/v2\/product_brand?post=372816"},{"taxonomy":"product_cat","embeddable":true,"href":"https:\/\/grupotextil.es\/ca\/wp-json\/wp\/v2\/product_cat?post=372816"},{"taxonomy":"product_tag","embeddable":true,"href":"https:\/\/grupotextil.es\/ca\/wp-json\/wp\/v2\/product_tag?post=372816"}],"curies":[{"name":"wp","href":"https:\/\/api.w.org\/{rel}","templated":true}]}}