{"id":372854,"date":"2026-03-08T03:00:39","date_gmt":"2026-03-08T02:00:39","guid":{"rendered":"https:\/\/grupotextil.es\/producto\/sudadera-queen-cuello-redondo-mujer\/"},"modified":"2026-03-08T03:00:39","modified_gmt":"2026-03-08T02:00:39","slug":"sudadera-queen-cuello-redondo-mujer","status":"publish","type":"product","link":"https:\/\/grupotextil.es\/ca\/product\/sudadera-queen-cuello-redondo-mujer\/","title":{"rendered":"Sudadera Queen cuello redondo mujer"},"content":{"rendered":"<ul>\n<li>280 g\/m\u00b2<\/li>\n<li>80% algod\u00f3n pre-encogido, ringspun y peinado, 20% poli\u00e9ster<\/li>\n<li>Heather Grey: 75% algod\u00f3n pre-encogido, ringspun y peinado, 21% poli\u00e9ster, 4% viscosa<\/li>\n<li>Heather Mid Grey: 60% algod\u00f3n pre-encogido, ringspun y peinado, 40% poli\u00e9ster<\/li>\n<li>Tacto melocot\u00f3n<\/li>\n<li>Superficie de impresi\u00f3n amplia<\/li>\n<li>Interior perchado<\/li>\n<li>Cuello encintado<\/li>\n<li>Interior Single Jersey y canes\u00fa media luna<\/li>\n<li>Costuras laterales<\/li>\n<li>Corte ajustado.<\/li>\n<li>Sin etiqueta para un rebranding sencillo<\/li>\n<\/ul>","protected":false},"excerpt":{"rendered":"<p>280 g\/m\u00b280% algod\u00f3n pre-encogido, ringspun y peinado, 20% poli\u00e9sterHeather Grey: 75% algod\u00f3n pre-encogido, ringspun y peinado, 21% poli\u00e9ster, 4% viscosaHeather Mid Grey: 60% algod\u00f3n pre-encogido, r&#8230;<\/p>","protected":false},"featured_media":413822,"comment_status":"open","ping_status":"closed","template":"","meta":{"_acf_changed":false},"product_brand":[11653],"product_cat":[13973],"product_tag":[],"class_list":{"0":"post-372854","1":"product","2":"type-product","3":"status-publish","4":"has-post-thumbnail","6":"product_brand-b-c","7":"product_cat-ropa","8":"tm-no-options","10":"first","11":"instock","12":"taxable","13":"shipping-taxable","14":"product-type-variable"},"acf":[],"_links":{"self":[{"href":"https:\/\/grupotextil.es\/ca\/wp-json\/wp\/v2\/product\/372854","targetHints":{"allow":["GET"]}}],"collection":[{"href":"https:\/\/grupotextil.es\/ca\/wp-json\/wp\/v2\/product"}],"about":[{"href":"https:\/\/grupotextil.es\/ca\/wp-json\/wp\/v2\/types\/product"}],"replies":[{"embeddable":true,"href":"https:\/\/grupotextil.es\/ca\/wp-json\/wp\/v2\/comments?post=372854"}],"wp:featuredmedia":[{"embeddable":true,"href":"https:\/\/grupotextil.es\/ca\/wp-json\/wp\/v2\/media\/413822"}],"wp:attachment":[{"href":"https:\/\/grupotextil.es\/ca\/wp-json\/wp\/v2\/media?parent=372854"}],"wp:term":[{"taxonomy":"product_brand","embeddable":true,"href":"https:\/\/grupotextil.es\/ca\/wp-json\/wp\/v2\/product_brand?post=372854"},{"taxonomy":"product_cat","embeddable":true,"href":"https:\/\/grupotextil.es\/ca\/wp-json\/wp\/v2\/product_cat?post=372854"},{"taxonomy":"product_tag","embeddable":true,"href":"https:\/\/grupotextil.es\/ca\/wp-json\/wp\/v2\/product_tag?post=372854"}],"curies":[{"name":"wp","href":"https:\/\/api.w.org\/{rel}","templated":true}]}}