{"id":373456,"date":"2026-03-08T03:03:46","date_gmt":"2026-03-08T02:03:46","guid":{"rendered":"https:\/\/grupotextil.es\/producto\/pantalon-de-deporte-nino\/"},"modified":"2026-03-08T03:03:46","modified_gmt":"2026-03-08T02:03:46","slug":"pantalon-de-deporte-nino","status":"publish","type":"product","link":"https:\/\/grupotextil.es\/ca\/product\/pantalon-de-deporte-nino\/","title":{"rendered":"Trouser Sports Kids"},"content":{"rendered":"<ul>\n<li>280 g\/m\u00b2<\/li>\n<li>70% algod\u00f3n ring-spun, 30% poli\u00e9ster<\/li>\n<li>Cintura el\u00e1stica con cord\u00f3n a juego con la prenda<\/li>\n<li>Costuras laterales<\/li>\n<li>Tobillos el\u00e1sticos<\/li>\n<li>Dos bolsillos laterales grandes<\/li>\n<\/ul>","protected":false},"excerpt":{"rendered":"<p>280 g\/m\u00b270% algod\u00f3n ring-spun, 30% poli\u00e9sterCintura el\u00e1stica con cord\u00f3n a juego con la prendaCosturas lateralesTobillos el\u00e1sticosDos bolsillos laterales grandes<\/p>","protected":false},"featured_media":413922,"comment_status":"open","ping_status":"closed","template":"","meta":{"_acf_changed":false},"product_brand":[11665],"product_cat":[13973],"product_tag":[],"class_list":{"0":"post-373456","1":"product","2":"type-product","3":"status-publish","4":"has-post-thumbnail","6":"product_brand-fruit-of-the-loom","7":"product_cat-ropa","8":"tm-no-options","10":"first","11":"instock","12":"taxable","13":"shipping-taxable","14":"product-type-variable"},"acf":[],"_links":{"self":[{"href":"https:\/\/grupotextil.es\/ca\/wp-json\/wp\/v2\/product\/373456","targetHints":{"allow":["GET"]}}],"collection":[{"href":"https:\/\/grupotextil.es\/ca\/wp-json\/wp\/v2\/product"}],"about":[{"href":"https:\/\/grupotextil.es\/ca\/wp-json\/wp\/v2\/types\/product"}],"replies":[{"embeddable":true,"href":"https:\/\/grupotextil.es\/ca\/wp-json\/wp\/v2\/comments?post=373456"}],"wp:featuredmedia":[{"embeddable":true,"href":"https:\/\/grupotextil.es\/ca\/wp-json\/wp\/v2\/media\/413922"}],"wp:attachment":[{"href":"https:\/\/grupotextil.es\/ca\/wp-json\/wp\/v2\/media?parent=373456"}],"wp:term":[{"taxonomy":"product_brand","embeddable":true,"href":"https:\/\/grupotextil.es\/ca\/wp-json\/wp\/v2\/product_brand?post=373456"},{"taxonomy":"product_cat","embeddable":true,"href":"https:\/\/grupotextil.es\/ca\/wp-json\/wp\/v2\/product_cat?post=373456"},{"taxonomy":"product_tag","embeddable":true,"href":"https:\/\/grupotextil.es\/ca\/wp-json\/wp\/v2\/product_tag?post=373456"}],"curies":[{"name":"wp","href":"https:\/\/api.w.org\/{rel}","templated":true}]}}