{"id":373559,"date":"2026-03-08T03:03:59","date_gmt":"2026-03-08T02:03:59","guid":{"rendered":"https:\/\/grupotextil.es\/producto\/pantalon-de-deporte-con-tobillos-elasticos\/"},"modified":"2026-03-08T03:03:59","modified_gmt":"2026-03-08T02:03:59","slug":"pantalon-de-deporte-con-tobillos-elasticos","status":"publish","type":"product","link":"https:\/\/grupotextil.es\/ca\/product\/pantalon-de-deporte-con-tobillos-elasticos\/","title":{"rendered":"Trouser Sports con tobillos el\u00e1sticos"},"content":{"rendered":"<ul>\n<li>280 g\/m\u00b2<\/li>\n<li>80% algod\u00f3n, 20% poli\u00e9ster<\/li>\n<li>Cintura el\u00e1stica con cord\u00f3n a juego con la prenda<\/li>\n<li>Bolsillos laterales<\/li>\n<li>Frontal y espalda de diferente corte para mejor ajuste<\/li>\n<li>Sin costuras externas para mayor \u00e1rea de impresi\u00f3n<\/li>\n<li>Tobillos el\u00e1sticos<\/li>\n<\/ul>","protected":false},"excerpt":{"rendered":"<p>280 g\/m\u00b280% algod\u00f3n, 20% poli\u00e9sterCintura el\u00e1stica con cord\u00f3n a juego con la prendaBolsillos lateralesFrontal y espalda de diferente corte para mejor ajusteSin costuras externas para mayor \u00e1rea de imp<\/p>","protected":false},"featured_media":413961,"comment_status":"open","ping_status":"closed","template":"","meta":{"_acf_changed":false},"product_brand":[11665],"product_cat":[13973],"product_tag":[14009],"class_list":{"0":"post-373559","1":"product","2":"type-product","3":"status-publish","4":"has-post-thumbnail","6":"product_brand-fruit-of-the-loom","7":"product_cat-ropa","8":"product_tag-top-ventas","9":"tm-no-options","11":"first","12":"instock","13":"taxable","14":"shipping-taxable","15":"product-type-variable"},"acf":[],"_links":{"self":[{"href":"https:\/\/grupotextil.es\/ca\/wp-json\/wp\/v2\/product\/373559","targetHints":{"allow":["GET"]}}],"collection":[{"href":"https:\/\/grupotextil.es\/ca\/wp-json\/wp\/v2\/product"}],"about":[{"href":"https:\/\/grupotextil.es\/ca\/wp-json\/wp\/v2\/types\/product"}],"replies":[{"embeddable":true,"href":"https:\/\/grupotextil.es\/ca\/wp-json\/wp\/v2\/comments?post=373559"}],"wp:featuredmedia":[{"embeddable":true,"href":"https:\/\/grupotextil.es\/ca\/wp-json\/wp\/v2\/media\/413961"}],"wp:attachment":[{"href":"https:\/\/grupotextil.es\/ca\/wp-json\/wp\/v2\/media?parent=373559"}],"wp:term":[{"taxonomy":"product_brand","embeddable":true,"href":"https:\/\/grupotextil.es\/ca\/wp-json\/wp\/v2\/product_brand?post=373559"},{"taxonomy":"product_cat","embeddable":true,"href":"https:\/\/grupotextil.es\/ca\/wp-json\/wp\/v2\/product_cat?post=373559"},{"taxonomy":"product_tag","embeddable":true,"href":"https:\/\/grupotextil.es\/ca\/wp-json\/wp\/v2\/product_tag?post=373559"}],"curies":[{"name":"wp","href":"https:\/\/api.w.org\/{rel}","templated":true}]}}