{"id":373694,"date":"2026-03-08T03:04:17","date_gmt":"2026-03-08T02:04:17","guid":{"rendered":"https:\/\/grupotextil.es\/producto\/sudadera-de-cuello-redondo-para-nino-id-332\/"},"modified":"2026-03-08T03:04:17","modified_gmt":"2026-03-08T02:04:17","slug":"sudadera-de-cuello-redondo-para-nino-id-332","status":"publish","type":"product","link":"https:\/\/grupotextil.es\/ca\/product\/sudadera-de-cuello-redondo-para-nino-id-332\/","title":{"rendered":"Sweatshirt de Round Neck para Kids ID.332"},"content":{"rendered":"<ul>\n<li>280 g\/m\u00b2<\/li>\n<li>80 % algod\u00f3n (invirtiendo en un mejor algod\u00f3n), 20 % poli\u00e9ster (reciclado), certificado RCS<\/li>\n<li>Dise\u00f1ado para ni\u00f1os y ni\u00f1as (g\u00e9nero neutro), desde ni\u00f1os hasta adolescentes.<\/li>\n<li>Costura lateral<\/li>\n<li>Ajuste relajado cl\u00e1sico y moderno para todas las ocasiones.<\/li>\n<li>Cara 100% algod\u00f3n con excelente capacidad de impresi\u00f3n y tacto suave.<\/li>\n<li>Las mangas ajustadas con hombros ligeramente ca\u00eddos mejoran la movilidad.<\/li>\n<li>Pu\u00f1os y dobladillo inferior cl\u00e1sicos en canal\u00e9 1&#215;1 con elastano.<\/li>\n<li>Sin etiqueta, f\u00e1cil de rebrandear<\/li>\n<\/ul>","protected":false},"excerpt":{"rendered":"<p>280 g\/m\u00b280 % algod\u00f3n (invirtiendo en un mejor algod\u00f3n), 20 % poli\u00e9ster (reciclado), certificado RCSDise\u00f1ado para ni\u00f1os y ni\u00f1as (g\u00e9nero neutro), desde ni\u00f1os hasta adolescentes.<\/p>","protected":false},"featured_media":414013,"comment_status":"open","ping_status":"closed","template":"","meta":{"_acf_changed":false},"product_brand":[11653],"product_cat":[13973],"product_tag":[],"class_list":{"0":"post-373694","1":"product","2":"type-product","3":"status-publish","4":"has-post-thumbnail","6":"product_brand-b-c","7":"product_cat-ropa","8":"tm-no-options","10":"first","11":"instock","12":"taxable","13":"shipping-taxable","14":"product-type-variable"},"acf":[],"_links":{"self":[{"href":"https:\/\/grupotextil.es\/ca\/wp-json\/wp\/v2\/product\/373694","targetHints":{"allow":["GET"]}}],"collection":[{"href":"https:\/\/grupotextil.es\/ca\/wp-json\/wp\/v2\/product"}],"about":[{"href":"https:\/\/grupotextil.es\/ca\/wp-json\/wp\/v2\/types\/product"}],"replies":[{"embeddable":true,"href":"https:\/\/grupotextil.es\/ca\/wp-json\/wp\/v2\/comments?post=373694"}],"wp:featuredmedia":[{"embeddable":true,"href":"https:\/\/grupotextil.es\/ca\/wp-json\/wp\/v2\/media\/414013"}],"wp:attachment":[{"href":"https:\/\/grupotextil.es\/ca\/wp-json\/wp\/v2\/media?parent=373694"}],"wp:term":[{"taxonomy":"product_brand","embeddable":true,"href":"https:\/\/grupotextil.es\/ca\/wp-json\/wp\/v2\/product_brand?post=373694"},{"taxonomy":"product_cat","embeddable":true,"href":"https:\/\/grupotextil.es\/ca\/wp-json\/wp\/v2\/product_cat?post=373694"},{"taxonomy":"product_tag","embeddable":true,"href":"https:\/\/grupotextil.es\/ca\/wp-json\/wp\/v2\/product_tag?post=373694"}],"curies":[{"name":"wp","href":"https:\/\/api.w.org\/{rel}","templated":true}]}}