{"id":373754,"date":"2026-03-08T03:05:20","date_gmt":"2026-03-08T02:05:20","guid":{"rendered":"https:\/\/grupotextil.es\/producto\/sudadera-authentic-capucha-mujer\/"},"modified":"2026-03-08T03:05:20","modified_gmt":"2026-03-08T02:05:20","slug":"sudadera-authentic-capucha-mujer","status":"publish","type":"product","link":"https:\/\/grupotextil.es\/ca\/product\/sudadera-authentic-capucha-mujer\/","title":{"rendered":"Sudadera Authentic capucha mujer"},"content":{"rendered":"<ul>\n<li>280 g\/m\u00b2<\/li>\n<li>80% algod\u00f3n ring-spun peinado, 20% poli\u00e9ster (tejido de 3 capas)<\/li>\n<li>Capucha de doble capa<\/li>\n<li>Cord\u00f3n plano y grueso con ojales<\/li>\n<li>cinta cuello Herringbone<\/li>\n<li>Brazos m\u00e1s delgados con costuras de hombros en la parte delantera<\/li>\n<li>Acceso para auriculares MP3<\/li>\n<li>Bolsillo canguro<\/li>\n<li>Sisas, pu\u00f1os y bajo con doble costura<\/li>\n<li>Pu\u00f1o y cintura de punto el\u00e1stico<\/li>\n<li>Corte femenino y moderno<\/li>\n<\/ul>","protected":false},"excerpt":{"rendered":"<p>280 g\/m\u00b280% algod\u00f3n ring-spun peinado, 20% poli\u00e9ster (tejido de 3 capas)Capucha de doble capaCord\u00f3n plano y grueso con ojalescinta cuello HerringboneBrazos m\u00e1s delgados con costuras de hombros en la p<\/p>","protected":false},"featured_media":414023,"comment_status":"open","ping_status":"closed","template":"","meta":{"_acf_changed":false},"product_brand":[11670],"product_cat":[13973],"product_tag":[],"class_list":{"0":"post-373754","1":"product","2":"type-product","3":"status-publish","4":"has-post-thumbnail","6":"product_brand-russell-europe","7":"product_cat-ropa","8":"tm-no-options","10":"first","11":"instock","12":"taxable","13":"shipping-taxable","14":"product-type-variable"},"acf":[],"_links":{"self":[{"href":"https:\/\/grupotextil.es\/ca\/wp-json\/wp\/v2\/product\/373754","targetHints":{"allow":["GET"]}}],"collection":[{"href":"https:\/\/grupotextil.es\/ca\/wp-json\/wp\/v2\/product"}],"about":[{"href":"https:\/\/grupotextil.es\/ca\/wp-json\/wp\/v2\/types\/product"}],"replies":[{"embeddable":true,"href":"https:\/\/grupotextil.es\/ca\/wp-json\/wp\/v2\/comments?post=373754"}],"wp:featuredmedia":[{"embeddable":true,"href":"https:\/\/grupotextil.es\/ca\/wp-json\/wp\/v2\/media\/414023"}],"wp:attachment":[{"href":"https:\/\/grupotextil.es\/ca\/wp-json\/wp\/v2\/media?parent=373754"}],"wp:term":[{"taxonomy":"product_brand","embeddable":true,"href":"https:\/\/grupotextil.es\/ca\/wp-json\/wp\/v2\/product_brand?post=373754"},{"taxonomy":"product_cat","embeddable":true,"href":"https:\/\/grupotextil.es\/ca\/wp-json\/wp\/v2\/product_cat?post=373754"},{"taxonomy":"product_tag","embeddable":true,"href":"https:\/\/grupotextil.es\/ca\/wp-json\/wp\/v2\/product_tag?post=373754"}],"curies":[{"name":"wp","href":"https:\/\/api.w.org\/{rel}","templated":true}]}}