{"id":374072,"date":"2026-03-08T03:06:36","date_gmt":"2026-03-08T02:06:36","guid":{"rendered":"https:\/\/grupotextil.es\/producto\/sudadera-raglan-mujer\/"},"modified":"2026-03-08T03:06:36","modified_gmt":"2026-03-08T02:06:36","slug":"sudadera-raglan-mujer","status":"publish","type":"product","link":"https:\/\/grupotextil.es\/ca\/product\/sudadera-raglan-mujer\/","title":{"rendered":"Sudadera ragl\u00e1n mujer"},"content":{"rendered":"<ul>\n<li>280 g\/m\u00b2<\/li>\n<li>80% algod\u00f3n ring spun peinado, 20% poli\u00e9ster (Light Oxford: 70% algod\u00f3n, 30% poli\u00e9ster)<\/li>\n<li>Interior de polar cepillado<\/li>\n<li>Cuello, mangas y bajo en canal\u00e9<\/li>\n<li>Encintado en espiguilla en parte trasera del cuello<\/li>\n<li>Mangas ragl\u00e1n<\/li>\n<li>Pu\u00f1os reforzados con costura cubierta<\/li>\n<li>Costuras laterales<\/li>\n<\/ul>","protected":false},"excerpt":{"rendered":"<p>280 g\/m\u00b280% algod\u00f3n ring spun peinado, 20% poli\u00e9ster (Light Oxford: 70% algod\u00f3n, 30% poli\u00e9ster)Interior de polar cepilladoCuello, mangas y bajo en canal\u00e9Encintado en espiguilla en parte trasera del cu<\/p>","protected":false},"featured_media":414103,"comment_status":"open","ping_status":"closed","template":"","meta":{"_acf_changed":false},"product_brand":[11676],"product_cat":[13975,13973],"product_tag":[],"class_list":{"0":"post-374072","1":"product","2":"type-product","3":"status-publish","4":"has-post-thumbnail","6":"product_brand-sg","7":"product_cat-ropa-mujer","8":"product_cat-ropa","9":"tm-no-options","11":"first","12":"instock","13":"taxable","14":"shipping-taxable","15":"product-type-variable"},"acf":[],"_links":{"self":[{"href":"https:\/\/grupotextil.es\/ca\/wp-json\/wp\/v2\/product\/374072","targetHints":{"allow":["GET"]}}],"collection":[{"href":"https:\/\/grupotextil.es\/ca\/wp-json\/wp\/v2\/product"}],"about":[{"href":"https:\/\/grupotextil.es\/ca\/wp-json\/wp\/v2\/types\/product"}],"replies":[{"embeddable":true,"href":"https:\/\/grupotextil.es\/ca\/wp-json\/wp\/v2\/comments?post=374072"}],"wp:featuredmedia":[{"embeddable":true,"href":"https:\/\/grupotextil.es\/ca\/wp-json\/wp\/v2\/media\/414103"}],"wp:attachment":[{"href":"https:\/\/grupotextil.es\/ca\/wp-json\/wp\/v2\/media?parent=374072"}],"wp:term":[{"taxonomy":"product_brand","embeddable":true,"href":"https:\/\/grupotextil.es\/ca\/wp-json\/wp\/v2\/product_brand?post=374072"},{"taxonomy":"product_cat","embeddable":true,"href":"https:\/\/grupotextil.es\/ca\/wp-json\/wp\/v2\/product_cat?post=374072"},{"taxonomy":"product_tag","embeddable":true,"href":"https:\/\/grupotextil.es\/ca\/wp-json\/wp\/v2\/product_tag?post=374072"}],"curies":[{"name":"wp","href":"https:\/\/api.w.org\/{rel}","templated":true}]}}