{"id":374214,"date":"2026-03-08T03:07:45","date_gmt":"2026-03-08T02:07:45","guid":{"rendered":"https:\/\/grupotextil.es\/producto\/womens-regular-hoodie\/"},"modified":"2026-03-08T03:07:45","modified_gmt":"2026-03-08T02:07:45","slug":"womens-regular-hoodie","status":"publish","type":"product","link":"https:\/\/grupotextil.es\/ca\/product\/womens-regular-hoodie\/","title":{"rendered":"Womens Regular Hoodie"},"content":{"rendered":"<ul>\n<li>260 g\/m\u00b2<\/li>\n<li>80% algod\u00f3n org\u00e1nico, 20% poli\u00e9ster reciclado.<\/li>\n<li>Estilo del Grupo H&amp;M<\/li>\n<li>Costura de una sola aguja en el bolsillo y la capucha.<\/li>\n<li>Puntada de aguja doble en la abertura del bolsillo<\/li>\n<li>Costura de hombro con puntada de cadena<\/li>\n<li>Cinta para el interior del cuello<\/li>\n<li>Costilla 2X2<\/li>\n<li>Capucha de tela doble<\/li>\n<li>Bolsillo canguro<\/li>\n<li>Cordones redondos<\/li>\n<li>parche de media luna en la espalda<\/li>\n<li>Puntada de aguja simple en el cuello<\/li>\n<\/ul>","protected":false},"excerpt":{"rendered":"<p>260 g\/m\u00b280% algod\u00f3n org\u00e1nico, 20% poli\u00e9ster reciclado.<\/p>","protected":false},"featured_media":414157,"comment_status":"open","ping_status":"closed","template":"","meta":{"_acf_changed":false},"product_brand":[11661],"product_cat":[13975,13973],"product_tag":[],"class_list":{"0":"post-374214","1":"product","2":"type-product","3":"status-publish","4":"has-post-thumbnail","6":"product_brand-true-blanks","7":"product_cat-ropa-mujer","8":"product_cat-ropa","9":"tm-no-options","11":"first","12":"instock","13":"taxable","14":"shipping-taxable","15":"product-type-variable"},"acf":[],"_links":{"self":[{"href":"https:\/\/grupotextil.es\/ca\/wp-json\/wp\/v2\/product\/374214","targetHints":{"allow":["GET"]}}],"collection":[{"href":"https:\/\/grupotextil.es\/ca\/wp-json\/wp\/v2\/product"}],"about":[{"href":"https:\/\/grupotextil.es\/ca\/wp-json\/wp\/v2\/types\/product"}],"replies":[{"embeddable":true,"href":"https:\/\/grupotextil.es\/ca\/wp-json\/wp\/v2\/comments?post=374214"}],"wp:featuredmedia":[{"embeddable":true,"href":"https:\/\/grupotextil.es\/ca\/wp-json\/wp\/v2\/media\/414157"}],"wp:attachment":[{"href":"https:\/\/grupotextil.es\/ca\/wp-json\/wp\/v2\/media?parent=374214"}],"wp:term":[{"taxonomy":"product_brand","embeddable":true,"href":"https:\/\/grupotextil.es\/ca\/wp-json\/wp\/v2\/product_brand?post=374214"},{"taxonomy":"product_cat","embeddable":true,"href":"https:\/\/grupotextil.es\/ca\/wp-json\/wp\/v2\/product_cat?post=374214"},{"taxonomy":"product_tag","embeddable":true,"href":"https:\/\/grupotextil.es\/ca\/wp-json\/wp\/v2\/product_tag?post=374214"}],"curies":[{"name":"wp","href":"https:\/\/api.w.org\/{rel}","templated":true}]}}