{"id":374255,"date":"2026-03-08T03:08:28","date_gmt":"2026-03-08T02:08:28","guid":{"rendered":"https:\/\/grupotextil.es\/producto\/sudadera-lady-fit-con-capucha-mujer\/"},"modified":"2026-03-08T03:08:28","modified_gmt":"2026-03-08T02:08:28","slug":"sudadera-lady-fit-con-capucha-mujer","status":"publish","type":"product","link":"https:\/\/grupotextil.es\/ca\/product\/sudadera-lady-fit-con-capucha-mujer\/","title":{"rendered":"Sudadera Lady Fit con capucha mujer"},"content":{"rendered":"<ul>\n<li>280 g\/m\u00b2<\/li>\n<li>70% algod\u00f3n ring-spun, 30% poli\u00e9ster<\/li>\n<li>Capucha con doble tejido<\/li>\n<li>Cord\u00f3n del mismo color que la prenda<\/li>\n<li>Bolsillo frontal<\/li>\n<li>Cremallera oculta estrecha para m\u00e1s \u00e1rea de impresi\u00f3n<\/li>\n<li>Bajo y pu\u00f1os en canal\u00e9 de algod\u00f3n\/elast\u00e1n para mantener mejor la forma<\/li>\n<\/ul>","protected":false},"excerpt":{"rendered":"<p>280 g\/m\u00b270% algod\u00f3n ring-spun, 30% poli\u00e9sterCapucha con doble tejidoCord\u00f3n del mismo color que la prendaBolsillo frontalCremallera oculta estrecha para m\u00e1s \u00e1rea de impresi\u00f3nBajo y pu\u00f1os en canal\u00e9 de a<\/p>","protected":false},"featured_media":414189,"comment_status":"open","ping_status":"closed","template":"","meta":{"_acf_changed":false},"product_brand":[11665],"product_cat":[13975,13973],"product_tag":[],"class_list":{"0":"post-374255","1":"product","2":"type-product","3":"status-publish","4":"has-post-thumbnail","6":"product_brand-fruit-of-the-loom","7":"product_cat-ropa-mujer","8":"product_cat-ropa","9":"tm-no-options","11":"first","12":"instock","13":"taxable","14":"shipping-taxable","15":"product-type-variable"},"acf":[],"_links":{"self":[{"href":"https:\/\/grupotextil.es\/ca\/wp-json\/wp\/v2\/product\/374255","targetHints":{"allow":["GET"]}}],"collection":[{"href":"https:\/\/grupotextil.es\/ca\/wp-json\/wp\/v2\/product"}],"about":[{"href":"https:\/\/grupotextil.es\/ca\/wp-json\/wp\/v2\/types\/product"}],"replies":[{"embeddable":true,"href":"https:\/\/grupotextil.es\/ca\/wp-json\/wp\/v2\/comments?post=374255"}],"wp:featuredmedia":[{"embeddable":true,"href":"https:\/\/grupotextil.es\/ca\/wp-json\/wp\/v2\/media\/414189"}],"wp:attachment":[{"href":"https:\/\/grupotextil.es\/ca\/wp-json\/wp\/v2\/media?parent=374255"}],"wp:term":[{"taxonomy":"product_brand","embeddable":true,"href":"https:\/\/grupotextil.es\/ca\/wp-json\/wp\/v2\/product_brand?post=374255"},{"taxonomy":"product_cat","embeddable":true,"href":"https:\/\/grupotextil.es\/ca\/wp-json\/wp\/v2\/product_cat?post=374255"},{"taxonomy":"product_tag","embeddable":true,"href":"https:\/\/grupotextil.es\/ca\/wp-json\/wp\/v2\/product_tag?post=374255"}],"curies":[{"name":"wp","href":"https:\/\/api.w.org\/{rel}","templated":true}]}}