{"id":374292,"date":"2026-03-08T03:08:30","date_gmt":"2026-03-08T02:08:30","guid":{"rendered":"https:\/\/grupotextil.es\/producto\/sudadera-con-cremallera-mujer\/"},"modified":"2026-03-08T03:08:30","modified_gmt":"2026-03-08T02:08:30","slug":"sudadera-con-cremallera-mujer","status":"publish","type":"product","link":"https:\/\/grupotextil.es\/ca\/product\/sudadera-con-cremallera-mujer\/","title":{"rendered":"Sudadera con cremallera mujer"},"content":{"rendered":"<ul>\n<li>310 g\/m\u00b2<\/li>\n<li>70% algod\u00f3n ring-spun, 30% poli\u00e9ster<\/li>\n<li>Algod\u00f3n egipcio de fibra larga<\/li>\n<li>Tejido de 3 hilos para una superf\u00edcie m\u00e1s tersa<\/li>\n<li>Doblemente te\u00f1ido para conseguir unos colores m\u00e1s brillantes<\/li>\n<li>Interior perchado<\/li>\n<li>Capucha en doble capa<\/li>\n<li>Cremallera entera<\/li>\n<li>Bolsillos tipo parche<\/li>\n<li>Lycra en todos los ribetes para una mayor estabilidad<\/li>\n<li>Doble puntada<\/li>\n<\/ul>","protected":false},"excerpt":{"rendered":"<p>310 g\/m\u00b270% algod\u00f3n ring-spun, 30% poli\u00e9sterAlgod\u00f3n egipcio de fibra largaTejido de 3 hilos para una superf\u00edcie m\u00e1s tersaDoblemente te\u00f1ido para conseguir unos colores m\u00e1s brillantesInterior perchadoCa<\/p>","protected":false},"featured_media":414219,"comment_status":"open","ping_status":"closed","template":"","meta":{"_acf_changed":false},"product_brand":[11671],"product_cat":[13975,13973],"product_tag":[14009],"class_list":{"0":"post-374292","1":"product","2":"type-product","3":"status-publish","4":"has-post-thumbnail","6":"product_brand-tee-jays","7":"product_cat-ropa-mujer","8":"product_cat-ropa","9":"product_tag-top-ventas","10":"tm-no-options","12":"first","13":"instock","14":"taxable","15":"shipping-taxable","16":"product-type-variable"},"acf":[],"_links":{"self":[{"href":"https:\/\/grupotextil.es\/ca\/wp-json\/wp\/v2\/product\/374292","targetHints":{"allow":["GET"]}}],"collection":[{"href":"https:\/\/grupotextil.es\/ca\/wp-json\/wp\/v2\/product"}],"about":[{"href":"https:\/\/grupotextil.es\/ca\/wp-json\/wp\/v2\/types\/product"}],"replies":[{"embeddable":true,"href":"https:\/\/grupotextil.es\/ca\/wp-json\/wp\/v2\/comments?post=374292"}],"wp:featuredmedia":[{"embeddable":true,"href":"https:\/\/grupotextil.es\/ca\/wp-json\/wp\/v2\/media\/414219"}],"wp:attachment":[{"href":"https:\/\/grupotextil.es\/ca\/wp-json\/wp\/v2\/media?parent=374292"}],"wp:term":[{"taxonomy":"product_brand","embeddable":true,"href":"https:\/\/grupotextil.es\/ca\/wp-json\/wp\/v2\/product_brand?post=374292"},{"taxonomy":"product_cat","embeddable":true,"href":"https:\/\/grupotextil.es\/ca\/wp-json\/wp\/v2\/product_cat?post=374292"},{"taxonomy":"product_tag","embeddable":true,"href":"https:\/\/grupotextil.es\/ca\/wp-json\/wp\/v2\/product_tag?post=374292"}],"curies":[{"name":"wp","href":"https:\/\/api.w.org\/{rel}","templated":true}]}}