{"id":374318,"date":"2026-03-08T03:08:31","date_gmt":"2026-03-08T02:08:31","guid":{"rendered":"https:\/\/grupotextil.es\/producto\/sudadera-fluo\/"},"modified":"2026-03-08T03:08:31","modified_gmt":"2026-03-08T02:08:31","slug":"sudadera-fluo","status":"publish","type":"product","link":"https:\/\/grupotextil.es\/ca\/product\/sudadera-fluo\/","title":{"rendered":"Sweatshirt Fluo"},"content":{"rendered":"<ul>\n<li>280 g\/m\u00b2<\/li>\n<li>100% poli\u00e9ster<\/li>\n<li>Punto simple antibolitas<\/li>\n<li>Capucha integrada con cor\u00f3n ajustable<\/li>\n<li>Cuello encintado<\/li>\n<li>Hombros caidos<\/li>\n<li>Bolsillo canguro<\/li>\n<li>Pu\u00f1os y bajo en canal\u00e9<\/li>\n<li>Bandas reflectantes de 5 cm alrededor del cuerpo, brazos y hombros<\/li>\n<li>Puntadas a doble aguja.<\/li>\n<\/ul>","protected":false},"excerpt":{"rendered":"<p>280 g\/m\u00b2100% poli\u00e9sterPunto simple antibolitasCapucha integrada con cor\u00f3n ajustableCuello encintadoHombros caidosBolsillo canguroPu\u00f1os y bajo en canal\u00e9Bandas reflectantes de 5 cm alrededor del cuer&#8230;<\/p>","protected":false},"featured_media":414232,"comment_status":"open","ping_status":"closed","template":"","meta":{"_acf_changed":false},"product_brand":[11663],"product_cat":[13975,13973],"product_tag":[],"class_list":{"0":"post-374318","1":"product","2":"type-product","3":"status-publish","4":"has-post-thumbnail","6":"product_brand-yoko","7":"product_cat-ropa-mujer","8":"product_cat-ropa","9":"tm-no-options","11":"first","12":"instock","13":"taxable","14":"shipping-taxable","15":"product-type-variable"},"acf":[],"_links":{"self":[{"href":"https:\/\/grupotextil.es\/ca\/wp-json\/wp\/v2\/product\/374318","targetHints":{"allow":["GET"]}}],"collection":[{"href":"https:\/\/grupotextil.es\/ca\/wp-json\/wp\/v2\/product"}],"about":[{"href":"https:\/\/grupotextil.es\/ca\/wp-json\/wp\/v2\/types\/product"}],"replies":[{"embeddable":true,"href":"https:\/\/grupotextil.es\/ca\/wp-json\/wp\/v2\/comments?post=374318"}],"wp:featuredmedia":[{"embeddable":true,"href":"https:\/\/grupotextil.es\/ca\/wp-json\/wp\/v2\/media\/414232"}],"wp:attachment":[{"href":"https:\/\/grupotextil.es\/ca\/wp-json\/wp\/v2\/media?parent=374318"}],"wp:term":[{"taxonomy":"product_brand","embeddable":true,"href":"https:\/\/grupotextil.es\/ca\/wp-json\/wp\/v2\/product_brand?post=374318"},{"taxonomy":"product_cat","embeddable":true,"href":"https:\/\/grupotextil.es\/ca\/wp-json\/wp\/v2\/product_cat?post=374318"},{"taxonomy":"product_tag","embeddable":true,"href":"https:\/\/grupotextil.es\/ca\/wp-json\/wp\/v2\/product_tag?post=374318"}],"curies":[{"name":"wp","href":"https:\/\/api.w.org\/{rel}","templated":true}]}}