{"id":374332,"date":"2026-03-08T03:08:32","date_gmt":"2026-03-08T02:08:32","guid":{"rendered":"https:\/\/grupotextil.es\/producto\/sudadera-mujer-2\/"},"modified":"2026-03-08T03:08:32","modified_gmt":"2026-03-08T02:08:32","slug":"sudadera-mujer-2","status":"publish","type":"product","link":"https:\/\/grupotextil.es\/ca\/product\/sudadera-mujer-2\/","title":{"rendered":"Sudadera mujer"},"content":{"rendered":"<ul>\n<li>280 g\/m\u00b2<\/li>\n<li>70% algod\u00f3n ring-spun, 30% poli\u00e9ster<\/li>\n<li>Cremallera oculta para mayor \u00e1rea de impresi\u00f3n<\/li>\n<li>Cuello alto con encintado en punto simple<\/li>\n<li>Cremallera entera estrecha con dos bolsillos<\/li>\n<li>Bajo y pu\u00f1os en canal\u00e9 de algod\u00f3n\/elast\u00e1n para mantener la forma<\/li>\n<\/ul>","protected":false},"excerpt":{"rendered":"<p>280 g\/m\u00b270% algod\u00f3n ring-spun, 30% poli\u00e9sterCremallera oculta para mayor \u00e1rea de impresi\u00f3nCuello alto con encintado en punto simpleCremallera entera estrecha con dos bolsillosBajo y pu\u00f1os en canal\u00e9 de<\/p>","protected":false},"featured_media":414243,"comment_status":"open","ping_status":"closed","template":"","meta":{"_acf_changed":false},"product_brand":[11665],"product_cat":[13975,13973],"product_tag":[],"class_list":{"0":"post-374332","1":"product","2":"type-product","3":"status-publish","4":"has-post-thumbnail","6":"product_brand-fruit-of-the-loom","7":"product_cat-ropa-mujer","8":"product_cat-ropa","9":"tm-no-options","11":"first","12":"instock","13":"taxable","14":"shipping-taxable","15":"product-type-variable"},"acf":[],"_links":{"self":[{"href":"https:\/\/grupotextil.es\/ca\/wp-json\/wp\/v2\/product\/374332","targetHints":{"allow":["GET"]}}],"collection":[{"href":"https:\/\/grupotextil.es\/ca\/wp-json\/wp\/v2\/product"}],"about":[{"href":"https:\/\/grupotextil.es\/ca\/wp-json\/wp\/v2\/types\/product"}],"replies":[{"embeddable":true,"href":"https:\/\/grupotextil.es\/ca\/wp-json\/wp\/v2\/comments?post=374332"}],"wp:featuredmedia":[{"embeddable":true,"href":"https:\/\/grupotextil.es\/ca\/wp-json\/wp\/v2\/media\/414243"}],"wp:attachment":[{"href":"https:\/\/grupotextil.es\/ca\/wp-json\/wp\/v2\/media?parent=374332"}],"wp:term":[{"taxonomy":"product_brand","embeddable":true,"href":"https:\/\/grupotextil.es\/ca\/wp-json\/wp\/v2\/product_brand?post=374332"},{"taxonomy":"product_cat","embeddable":true,"href":"https:\/\/grupotextil.es\/ca\/wp-json\/wp\/v2\/product_cat?post=374332"},{"taxonomy":"product_tag","embeddable":true,"href":"https:\/\/grupotextil.es\/ca\/wp-json\/wp\/v2\/product_tag?post=374332"}],"curies":[{"name":"wp","href":"https:\/\/api.w.org\/{rel}","templated":true}]}}