{"id":374357,"date":"2026-03-08T03:08:33","date_gmt":"2026-03-08T02:08:33","guid":{"rendered":"https:\/\/grupotextil.es\/producto\/sudadera-con-cremallera-corta\/"},"modified":"2026-03-08T03:08:33","modified_gmt":"2026-03-08T02:08:33","slug":"sudadera-con-cremallera-corta","status":"publish","type":"product","link":"https:\/\/grupotextil.es\/ca\/product\/sudadera-con-cremallera-corta\/","title":{"rendered":"Sweatshirt con cremallera corta"},"content":{"rendered":"<ul>\n<li>280 g\/m\u00b2<\/li>\n<li>70% algod\u00f3n ring-spun, 30% poli\u00e9ster<\/li>\n<li>Mangas ragl\u00e1n<\/li>\n<li>Cuello con cremallera met\u00e1lica corta oculta<\/li>\n<li>Pu\u00f1os y bajos en canal\u00e9 de algod\u00f3n\/elast\u00e1n para mantener la forma<\/li>\n<li>Doble costuras en cuello y sisas<\/li>\n<li>Costuras laterales<\/li>\n<\/ul>","protected":false},"excerpt":{"rendered":"<p>280 g\/m\u00b270% algod\u00f3n ring-spun, 30% poli\u00e9sterMangas ragl\u00e1nCuello con cremallera met\u00e1lica corta ocultaPu\u00f1os y bajos en canal\u00e9 de algod\u00f3n\/elast\u00e1n para mantener la formaDoble costuras en cuello y sisasCos<\/p>","protected":false},"featured_media":414263,"comment_status":"open","ping_status":"closed","template":"","meta":{"_acf_changed":false},"product_brand":[11665],"product_cat":[13973],"product_tag":[14009],"class_list":{"0":"post-374357","1":"product","2":"type-product","3":"status-publish","4":"has-post-thumbnail","6":"product_brand-fruit-of-the-loom","7":"product_cat-ropa","8":"product_tag-top-ventas","9":"tm-no-options","11":"first","12":"instock","13":"taxable","14":"shipping-taxable","15":"product-type-variable"},"acf":[],"_links":{"self":[{"href":"https:\/\/grupotextil.es\/ca\/wp-json\/wp\/v2\/product\/374357","targetHints":{"allow":["GET"]}}],"collection":[{"href":"https:\/\/grupotextil.es\/ca\/wp-json\/wp\/v2\/product"}],"about":[{"href":"https:\/\/grupotextil.es\/ca\/wp-json\/wp\/v2\/types\/product"}],"replies":[{"embeddable":true,"href":"https:\/\/grupotextil.es\/ca\/wp-json\/wp\/v2\/comments?post=374357"}],"wp:featuredmedia":[{"embeddable":true,"href":"https:\/\/grupotextil.es\/ca\/wp-json\/wp\/v2\/media\/414263"}],"wp:attachment":[{"href":"https:\/\/grupotextil.es\/ca\/wp-json\/wp\/v2\/media?parent=374357"}],"wp:term":[{"taxonomy":"product_brand","embeddable":true,"href":"https:\/\/grupotextil.es\/ca\/wp-json\/wp\/v2\/product_brand?post=374357"},{"taxonomy":"product_cat","embeddable":true,"href":"https:\/\/grupotextil.es\/ca\/wp-json\/wp\/v2\/product_cat?post=374357"},{"taxonomy":"product_tag","embeddable":true,"href":"https:\/\/grupotextil.es\/ca\/wp-json\/wp\/v2\/product_tag?post=374357"}],"curies":[{"name":"wp","href":"https:\/\/api.w.org\/{rel}","templated":true}]}}