{"id":374417,"date":"2026-03-08T03:08:43","date_gmt":"2026-03-08T02:08:43","guid":{"rendered":"https:\/\/grupotextil.es\/producto\/sudadera-authentic-con-capucha-hombre\/"},"modified":"2026-03-08T03:08:43","modified_gmt":"2026-03-08T02:08:43","slug":"sudadera-authentic-con-capucha-hombre","status":"publish","type":"product","link":"https:\/\/grupotextil.es\/ca\/product\/sudadera-authentic-con-capucha-hombre\/","title":{"rendered":"Sudadera Authentic con capucha hombre"},"content":{"rendered":"<ul>\n<li>280 g\/m\u00b2<\/li>\n<li>80% algod\u00f3n ring-spun y peinado, 20% poli\u00e9ster (tejido de 3 capas)<\/li>\n<li>Capucha de doble capa con cord\u00f3n de ajuste<\/li>\n<li>Cordones gruesos planos con ojales<\/li>\n<li>Dise\u00f1o pu\u00f1os y bajo m\u00e1s amplio<\/li>\n<li>Hombros y brazos m\u00e1s finos con costura del hombro delantera<\/li>\n<li>Cuello encintado en espiguilla<\/li>\n<li>Bolsillo canguro<\/li>\n<li>Acceso para auriculares MP3<\/li>\n<li>Sisas, pu\u00f1os y bajo con tapa costura<\/li>\n<li>Corte recto moderno<\/li>\n<\/ul>","protected":false},"excerpt":{"rendered":"<p>280 g\/m\u00b280% algod\u00f3n ring-spun y peinado, 20% poli\u00e9ster (tejido de 3 capas)Capucha de doble capa con cord\u00f3n de ajusteCordones gruesos planos con ojalesDise\u00f1o pu\u00f1os y bajo m\u00e1s amplioHombros y brazos m\u00e1s<\/p>","protected":false},"featured_media":414293,"comment_status":"open","ping_status":"closed","template":"","meta":{"_acf_changed":false},"product_brand":[11670],"product_cat":[13973],"product_tag":[14010,14009],"class_list":{"0":"post-374417","1":"product","2":"type-product","3":"status-publish","4":"has-post-thumbnail","6":"product_brand-russell-europe","7":"product_cat-ropa","8":"product_tag-nuevo-2026","9":"product_tag-top-ventas","10":"tm-no-options","12":"first","13":"instock","14":"taxable","15":"shipping-taxable","16":"product-type-variable"},"acf":[],"_links":{"self":[{"href":"https:\/\/grupotextil.es\/ca\/wp-json\/wp\/v2\/product\/374417","targetHints":{"allow":["GET"]}}],"collection":[{"href":"https:\/\/grupotextil.es\/ca\/wp-json\/wp\/v2\/product"}],"about":[{"href":"https:\/\/grupotextil.es\/ca\/wp-json\/wp\/v2\/types\/product"}],"replies":[{"embeddable":true,"href":"https:\/\/grupotextil.es\/ca\/wp-json\/wp\/v2\/comments?post=374417"}],"wp:featuredmedia":[{"embeddable":true,"href":"https:\/\/grupotextil.es\/ca\/wp-json\/wp\/v2\/media\/414293"}],"wp:attachment":[{"href":"https:\/\/grupotextil.es\/ca\/wp-json\/wp\/v2\/media?parent=374417"}],"wp:term":[{"taxonomy":"product_brand","embeddable":true,"href":"https:\/\/grupotextil.es\/ca\/wp-json\/wp\/v2\/product_brand?post=374417"},{"taxonomy":"product_cat","embeddable":true,"href":"https:\/\/grupotextil.es\/ca\/wp-json\/wp\/v2\/product_cat?post=374417"},{"taxonomy":"product_tag","embeddable":true,"href":"https:\/\/grupotextil.es\/ca\/wp-json\/wp\/v2\/product_tag?post=374417"}],"curies":[{"name":"wp","href":"https:\/\/api.w.org\/{rel}","templated":true}]}}