{"id":374683,"date":"2026-03-08T03:10:19","date_gmt":"2026-03-08T02:10:19","guid":{"rendered":"https:\/\/grupotextil.es\/producto\/sudadera-capucha-team\/"},"modified":"2026-03-08T03:10:19","modified_gmt":"2026-03-08T02:10:19","slug":"sudadera-capucha-team","status":"publish","type":"product","link":"https:\/\/grupotextil.es\/ca\/product\/sudadera-capucha-team\/","title":{"rendered":"Sweatshirt capucha Team"},"content":{"rendered":"<ul>\n<li>280 g\/m\u00b2<\/li>\n<li>50% algod\u00f3n, 50% poli\u00e9ster<\/li>\n<li>Sport Grey: 70% algod\u00f3n, 30% poli\u00e9ster; Charcoal: 60% algod\u00f3n, 40% poli\u00e9ster<\/li>\n<li>Unisex<\/li>\n<li>No desti\u00f1e<\/li>\n<li>Capucha del mismo tejido y cord\u00f3n de poli\u00e9ster en color blanco<\/li>\n<li>Cuello encintado en color blanco<\/li>\n<li>Cremallera de metal YKK con detalles en blanco<\/li>\n<li>Mangas montadas<\/li>\n<li>Bolsillo canguro<\/li>\n<li>Puntos de doble aguja<\/li>\n<li>Pu\u00f1os y bajo en canal\u00e9 de elastano<\/li>\n<\/ul>","protected":false},"excerpt":{"rendered":"<p>280 g\/m\u00b250% algod\u00f3n, 50% poli\u00e9sterSport Grey: 70% algod\u00f3n, 30% poli\u00e9ster; Charcoal: 60% algod\u00f3n, 40% poli\u00e9sterUnisexNo desti\u00f1eCapucha del mismo tejido y cord\u00f3n de poli\u00e9ster en color blancoCuello encin<\/p>","protected":false},"featured_media":414353,"comment_status":"open","ping_status":"closed","template":"","meta":{"_acf_changed":false},"product_brand":[11677],"product_cat":[13973],"product_tag":[],"class_list":{"0":"post-374683","1":"product","2":"type-product","3":"status-publish","4":"has-post-thumbnail","6":"product_brand-fdm","7":"product_cat-ropa","8":"tm-no-options","10":"first","11":"instock","12":"taxable","13":"shipping-taxable","14":"product-type-variable"},"acf":[],"_links":{"self":[{"href":"https:\/\/grupotextil.es\/ca\/wp-json\/wp\/v2\/product\/374683","targetHints":{"allow":["GET"]}}],"collection":[{"href":"https:\/\/grupotextil.es\/ca\/wp-json\/wp\/v2\/product"}],"about":[{"href":"https:\/\/grupotextil.es\/ca\/wp-json\/wp\/v2\/types\/product"}],"replies":[{"embeddable":true,"href":"https:\/\/grupotextil.es\/ca\/wp-json\/wp\/v2\/comments?post=374683"}],"wp:featuredmedia":[{"embeddable":true,"href":"https:\/\/grupotextil.es\/ca\/wp-json\/wp\/v2\/media\/414353"}],"wp:attachment":[{"href":"https:\/\/grupotextil.es\/ca\/wp-json\/wp\/v2\/media?parent=374683"}],"wp:term":[{"taxonomy":"product_brand","embeddable":true,"href":"https:\/\/grupotextil.es\/ca\/wp-json\/wp\/v2\/product_brand?post=374683"},{"taxonomy":"product_cat","embeddable":true,"href":"https:\/\/grupotextil.es\/ca\/wp-json\/wp\/v2\/product_cat?post=374683"},{"taxonomy":"product_tag","embeddable":true,"href":"https:\/\/grupotextil.es\/ca\/wp-json\/wp\/v2\/product_tag?post=374683"}],"curies":[{"name":"wp","href":"https:\/\/api.w.org\/{rel}","templated":true}]}}