{"id":374701,"date":"2026-03-08T03:10:20","date_gmt":"2026-03-08T02:10:20","guid":{"rendered":"https:\/\/grupotextil.es\/producto\/sudadera-con-capucha-premium\/"},"modified":"2026-03-08T03:10:20","modified_gmt":"2026-03-08T02:10:20","slug":"sudadera-con-capucha-premium","status":"publish","type":"product","link":"https:\/\/grupotextil.es\/ca\/product\/sudadera-con-capucha-premium\/","title":{"rendered":"Sudadera con capucha Premium"},"content":{"rendered":"<ul>\n<li>280 g\/m\u00b2<\/li>\n<li>70% algod\u00f3n ring-spun, 30% poli\u00e9ster<\/li>\n<li>Capucha doble con cord\u00f3n plano del mismo color<\/li>\n<li>Bolsillo canguro<\/li>\n<li>Bajo y pu\u00f1os en canal\u00e9 de algod\u00f3n\/elast\u00e1n para mantener la forma<\/li>\n<\/ul>","protected":false},"excerpt":{"rendered":"<p>280 g\/m\u00b270% algod\u00f3n ring-spun, 30% poli\u00e9sterCapucha doble con cord\u00f3n plano del mismo colorBolsillo canguroBajo y pu\u00f1os en canal\u00e9 de algod\u00f3n\/elast\u00e1n para mantener la forma<\/p>","protected":false},"featured_media":414355,"comment_status":"open","ping_status":"closed","template":"","meta":{"_acf_changed":false},"product_brand":[11665],"product_cat":[13976,13973,13997],"product_tag":[14009],"class_list":{"0":"post-374701","1":"product","2":"type-product","3":"status-publish","4":"has-post-thumbnail","6":"product_brand-fruit-of-the-loom","7":"product_cat-ropa-nino","8":"product_cat-ropa","9":"product_cat-n-sudaderas","10":"product_tag-top-ventas","11":"tm-no-options","13":"first","14":"instock","15":"taxable","16":"shipping-taxable","17":"product-type-variable"},"acf":[],"_links":{"self":[{"href":"https:\/\/grupotextil.es\/ca\/wp-json\/wp\/v2\/product\/374701","targetHints":{"allow":["GET"]}}],"collection":[{"href":"https:\/\/grupotextil.es\/ca\/wp-json\/wp\/v2\/product"}],"about":[{"href":"https:\/\/grupotextil.es\/ca\/wp-json\/wp\/v2\/types\/product"}],"replies":[{"embeddable":true,"href":"https:\/\/grupotextil.es\/ca\/wp-json\/wp\/v2\/comments?post=374701"}],"wp:featuredmedia":[{"embeddable":true,"href":"https:\/\/grupotextil.es\/ca\/wp-json\/wp\/v2\/media\/414355"}],"wp:attachment":[{"href":"https:\/\/grupotextil.es\/ca\/wp-json\/wp\/v2\/media?parent=374701"}],"wp:term":[{"taxonomy":"product_brand","embeddable":true,"href":"https:\/\/grupotextil.es\/ca\/wp-json\/wp\/v2\/product_brand?post=374701"},{"taxonomy":"product_cat","embeddable":true,"href":"https:\/\/grupotextil.es\/ca\/wp-json\/wp\/v2\/product_cat?post=374701"},{"taxonomy":"product_tag","embeddable":true,"href":"https:\/\/grupotextil.es\/ca\/wp-json\/wp\/v2\/product_tag?post=374701"}],"curies":[{"name":"wp","href":"https:\/\/api.w.org\/{rel}","templated":true}]}}