{"id":375090,"date":"2026-03-08T03:11:23","date_gmt":"2026-03-08T02:11:23","guid":{"rendered":"https:\/\/grupotextil.es\/producto\/sudadera-con-capucha-dryblend\/"},"modified":"2026-03-08T03:11:23","modified_gmt":"2026-03-08T02:11:23","slug":"sudadera-con-capucha-dryblend","status":"publish","type":"product","link":"https:\/\/grupotextil.es\/ca\/product\/sudadera-con-capucha-dryblend\/","title":{"rendered":"Sudadera con capucha DryBlend"},"content":{"rendered":"<ul>\n<li>305 g\/m\u00b2 (White: 290 g\/m\u00b2)<\/li>\n<li>50% algod\u00f3n, 50% poli\u00e9ster<\/li>\n<li>Capucha forrada con cord\u00f3n a juego<\/li>\n<li>Mangas montadas<\/li>\n<li>Ribete el\u00e1stico acanalado en mangas y dobladillo inferior<\/li>\n<li>Bolsillo canguro con doble costura<\/li>\n<li>Tejido tubular<\/li>\n<li>Etiqueta extra\u00edble<\/li>\n<li>Ajuste cl\u00e1sico<\/li>\n<\/ul>","protected":false},"excerpt":{"rendered":"<p>305 g\/m\u00b2 (White: 290 g\/m\u00b2)50% algod\u00f3n, 50% poli\u00e9sterCapucha forrada con cord\u00f3n a juegoMangas montadasRibete el\u00e1stico acanalado en mangas y dobladillo inferiorBolsillo canguro con doble costuraTejido t<\/p>","protected":false},"featured_media":414438,"comment_status":"open","ping_status":"closed","template":"","meta":{"_acf_changed":false},"product_brand":[11666],"product_cat":[13976,13973,13997],"product_tag":[],"class_list":{"0":"post-375090","1":"product","2":"type-product","3":"status-publish","4":"has-post-thumbnail","6":"product_brand-gildan","7":"product_cat-ropa-nino","8":"product_cat-ropa","9":"product_cat-n-sudaderas","10":"tm-no-options","12":"first","13":"instock","14":"taxable","15":"shipping-taxable","16":"product-type-variable"},"acf":[],"_links":{"self":[{"href":"https:\/\/grupotextil.es\/ca\/wp-json\/wp\/v2\/product\/375090","targetHints":{"allow":["GET"]}}],"collection":[{"href":"https:\/\/grupotextil.es\/ca\/wp-json\/wp\/v2\/product"}],"about":[{"href":"https:\/\/grupotextil.es\/ca\/wp-json\/wp\/v2\/types\/product"}],"replies":[{"embeddable":true,"href":"https:\/\/grupotextil.es\/ca\/wp-json\/wp\/v2\/comments?post=375090"}],"wp:featuredmedia":[{"embeddable":true,"href":"https:\/\/grupotextil.es\/ca\/wp-json\/wp\/v2\/media\/414438"}],"wp:attachment":[{"href":"https:\/\/grupotextil.es\/ca\/wp-json\/wp\/v2\/media?parent=375090"}],"wp:term":[{"taxonomy":"product_brand","embeddable":true,"href":"https:\/\/grupotextil.es\/ca\/wp-json\/wp\/v2\/product_brand?post=375090"},{"taxonomy":"product_cat","embeddable":true,"href":"https:\/\/grupotextil.es\/ca\/wp-json\/wp\/v2\/product_cat?post=375090"},{"taxonomy":"product_tag","embeddable":true,"href":"https:\/\/grupotextil.es\/ca\/wp-json\/wp\/v2\/product_tag?post=375090"}],"curies":[{"name":"wp","href":"https:\/\/api.w.org\/{rel}","templated":true}]}}