{"id":375446,"date":"2026-03-08T03:12:06","date_gmt":"2026-03-08T02:12:06","guid":{"rendered":"https:\/\/grupotextil.es\/producto\/sudadera-fluo-2\/"},"modified":"2026-03-08T03:12:06","modified_gmt":"2026-03-08T02:12:06","slug":"sudadera-fluo-2","status":"publish","type":"product","link":"https:\/\/grupotextil.es\/ca\/product\/sudadera-fluo-2\/","title":{"rendered":"Sweatshirt fluo"},"content":{"rendered":"<ul>\n<li>280 g\/m\u00b2<\/li>\n<li>100% poli\u00e9ster<\/li>\n<li>Sudadera de seguridad con bandas reflectantes verticales y horizontales en el pecho y la espalda<\/li>\n<li>Cuello, pu\u00f1os y dobladillo en canal\u00e9 ancho<\/li>\n<li>Costuras laterales.<\/li>\n<\/ul>","protected":false},"excerpt":{"rendered":"<p>280 g\/m\u00b2100% poli\u00e9sterSudadera de seguridad con bandas reflectantes verticales y horizontales en el pecho y la espaldaCuello, pu\u00f1os y dobladillo en canal\u00e9 anchoCosturas laterales.<\/p>","protected":false},"featured_media":414476,"comment_status":"open","ping_status":"closed","template":"","meta":{"_acf_changed":false},"product_brand":[11663],"product_cat":[13976,13973,13997],"product_tag":[],"class_list":{"0":"post-375446","1":"product","2":"type-product","3":"status-publish","4":"has-post-thumbnail","6":"product_brand-yoko","7":"product_cat-ropa-nino","8":"product_cat-ropa","9":"product_cat-n-sudaderas","10":"tm-no-options","12":"first","13":"instock","14":"taxable","15":"shipping-taxable","16":"product-type-variable"},"acf":[],"_links":{"self":[{"href":"https:\/\/grupotextil.es\/ca\/wp-json\/wp\/v2\/product\/375446","targetHints":{"allow":["GET"]}}],"collection":[{"href":"https:\/\/grupotextil.es\/ca\/wp-json\/wp\/v2\/product"}],"about":[{"href":"https:\/\/grupotextil.es\/ca\/wp-json\/wp\/v2\/types\/product"}],"replies":[{"embeddable":true,"href":"https:\/\/grupotextil.es\/ca\/wp-json\/wp\/v2\/comments?post=375446"}],"wp:featuredmedia":[{"embeddable":true,"href":"https:\/\/grupotextil.es\/ca\/wp-json\/wp\/v2\/media\/414476"}],"wp:attachment":[{"href":"https:\/\/grupotextil.es\/ca\/wp-json\/wp\/v2\/media?parent=375446"}],"wp:term":[{"taxonomy":"product_brand","embeddable":true,"href":"https:\/\/grupotextil.es\/ca\/wp-json\/wp\/v2\/product_brand?post=375446"},{"taxonomy":"product_cat","embeddable":true,"href":"https:\/\/grupotextil.es\/ca\/wp-json\/wp\/v2\/product_cat?post=375446"},{"taxonomy":"product_tag","embeddable":true,"href":"https:\/\/grupotextil.es\/ca\/wp-json\/wp\/v2\/product_tag?post=375446"}],"curies":[{"name":"wp","href":"https:\/\/api.w.org\/{rel}","templated":true}]}}